{"id":256,"date":"2016-11-17T16:08:12","date_gmt":"2016-11-17T15:08:12","guid":{"rendered":"http:\/\/de2442.ispfr.net\/_hotelguyenne\/en\/?page_id=256"},"modified":"2023-09-08T09:47:29","modified_gmt":"2023-09-08T07:47:29","slug":"home","status":"publish","type":"page","link":"https:\/\/www.hotel-de-guyenne.fr\/en\/","title":{"rendered":"Welcome at the hotel de Guyenne"},"content":{"rendered":"<p><strong>Conveniently located fifteen minutes from downtown Bordeaux, in the heart of the University campus and next to the business areas in Talence-Pessac-Gradignan, the hotel de Guyenne provides high quality guest services :<\/strong><\/p>\n<ul>\n<li><strong>32 spacious rooms completely redesigned in a contemporary style in 2014<\/strong><\/li>\n<li><strong>a restaurant, with a 40-person\u00a0 seating capacity, famous for its \u201c\u00e0 la carte menu\u201d that is\u00a0changed every day and where every dish is homemade<\/strong><\/li>\n<li><strong>3 seminar rooms<\/strong><\/li>\n<\/ul>\n<p>&nbsp;<\/p>\n<p><strong>\u00a0<\/strong><\/p>\n<p>&nbsp;<\/p>\n<p><strong><span style=\"color: #000000;\"><em>Our distinctiveness<\/em><\/span> : the hotel de Guyenne is the training place for students from the Bordeaux catering school.<\/strong><\/p>\n<p><strong>Opened for guests during school periods (from end of September until mid May) five days a week.<\/strong><\/p>\n<p><strong>Students are trained with customers in real\u00a0situations.<\/strong><\/p>\n<p><strong>Guests will be welcomed by students and teachers serving at the desk, at the restaurant and in the kitchen.<\/strong><\/p>\n<p>&nbsp;<\/p>\n<h4 style=\"text-align: center;\">Last comments from travellers with Tripadvisor\u00a0:<a href=\"https:\/\/www.tripadvisor.fr\/Hotel_Review-g1055933-d2327726-Reviews-Hotel_de_Guyenne-Talence_Bordeaux_Gironde_Nouvelle_Aquitaine.html\" target=\"_blank\" rel=\"noopener\"><img loading=\"lazy\" decoding=\"async\" class=\"wp-image-294 alignright\" src=\"http:\/\/de2442.ispfr.net\/_hotelguyenne\/wp-content\/uploads\/2016\/11\/logo-trip-advisor.png\" alt=\"logo-trip-advisor\" width=\"110\" height=\"74\" srcset=\"https:\/\/www.hotel-de-guyenne.fr\/wp-content\/uploads\/2016\/11\/logo-trip-advisor.png 550w, https:\/\/www.hotel-de-guyenne.fr\/wp-content\/uploads\/2016\/11\/logo-trip-advisor-300x202.png 300w\" sizes=\"auto, (max-width: 110px) 100vw, 110px\" \/><\/a><\/h4>\n<p>\u00ab\u00a0Very, very good\u00a0\u00bb unbeatable price\/performance ratio, treated very graciously, very clean well-equipped rooms&#8230;. my one disappointment : not to have had enough time to try the gastronomic restaurant\u2026 I warmly advice this place\u00a0\u00bb<\/p>\n<p>&nbsp;<\/p>\n<p>\u00ab\u00a0To be booked\u00a0\u00bb nice spacious rooms, dressing room , outstanding service, careful staff, warm welcome by students, far from urban noises, stations nearby for buses and tram to downtown Bordeaux, free WIFI, very competitive prices regarding the high quality hotel services : the best !\u201d<\/p>\n","protected":false},"excerpt":{"rendered":"<p>Conveniently located fifteen minutes from downtown Bordeaux, in the heart of the University campus and next to the business areas in Talence-Pessac-Gradignan, the hotel de Guyenne provides high quality guest services : 32 spacious rooms completely redesigned in a contemporary style in 2014 a restaurant, with a 40-person\u00a0 seating capacity, famous for its \u201c\u00e0 la [&hellip;]<\/p>\n","protected":false},"author":1,"featured_media":0,"parent":0,"menu_order":0,"comment_status":"closed","ping_status":"closed","template":"index.php","meta":{"_acf_changed":false,"_monsterinsights_skip_tracking":false,"_monsterinsights_sitenote_active":false,"_monsterinsights_sitenote_note":"","_monsterinsights_sitenote_category":0,"footnotes":""},"class_list":["post-256","page","type-page","status-publish","hentry"],"acf":[],"yoast_head":"<!-- This site is optimized with the Yoast SEO plugin v27.4 - https:\/\/yoast.com\/product\/yoast-seo-wordpress\/ -->\n<title>Welcome at the hotel de Guyenne - Hotel de Guyenne \u00e0 Talence<\/title>\n<meta name=\"robots\" content=\"index, follow, max-snippet:-1, max-image-preview:large, max-video-preview:-1\" \/>\n<link rel=\"canonical\" href=\"https:\/\/www.hotel-de-guyenne.fr\/en\/\" \/>\n<meta property=\"og:locale\" content=\"en_US\" \/>\n<meta property=\"og:type\" content=\"article\" \/>\n<meta property=\"og:title\" content=\"Welcome at the hotel de Guyenne - Hotel de Guyenne \u00e0 Talence\" \/>\n<meta property=\"og:description\" content=\"Conveniently located fifteen minutes from downtown Bordeaux, in the heart of the University campus and next to the business areas in Talence-Pessac-Gradignan, the hotel de Guyenne provides high quality guest services : 32 spacious rooms completely redesigned in a contemporary style in 2014 a restaurant, with a 40-person\u00a0 seating capacity, famous for its \u201c\u00e0 la [&hellip;]\" \/>\n<meta property=\"og:url\" content=\"https:\/\/www.hotel-de-guyenne.fr\/en\/\" \/>\n<meta property=\"og:site_name\" content=\"Hotel de Guyenne \u00e0 Talence\" \/>\n<meta property=\"article:modified_time\" content=\"2023-09-08T07:47:29+00:00\" \/>\n<meta property=\"og:image\" content=\"http:\/\/de2442.ispfr.net\/_hotelguyenne\/wp-content\/uploads\/2016\/11\/logo-trip-advisor.png\" \/>\n<meta name=\"twitter:card\" content=\"summary_large_image\" \/>\n<meta name=\"twitter:label1\" content=\"Est. reading time\" \/>\n\t<meta name=\"twitter:data1\" content=\"2 minutes\" \/>\n<script type=\"application\/ld+json\" class=\"yoast-schema-graph\">{\"@context\":\"https:\\\/\\\/schema.org\",\"@graph\":[{\"@type\":\"WebPage\",\"@id\":\"https:\\\/\\\/www.hotel-de-guyenne.fr\\\/en\\\/\",\"url\":\"https:\\\/\\\/www.hotel-de-guyenne.fr\\\/en\\\/\",\"name\":\"Welcome at the hotel de Guyenne - Hotel de Guyenne \u00e0 Talence\",\"isPartOf\":{\"@id\":\"https:\\\/\\\/www.hotel-de-guyenne.fr\\\/en\\\/#website\"},\"primaryImageOfPage\":{\"@id\":\"https:\\\/\\\/www.hotel-de-guyenne.fr\\\/en\\\/#primaryimage\"},\"image\":{\"@id\":\"https:\\\/\\\/www.hotel-de-guyenne.fr\\\/en\\\/#primaryimage\"},\"thumbnailUrl\":\"http:\\\/\\\/de2442.ispfr.net\\\/_hotelguyenne\\\/wp-content\\\/uploads\\\/2016\\\/11\\\/logo-trip-advisor.png\",\"datePublished\":\"2016-11-17T15:08:12+00:00\",\"dateModified\":\"2023-09-08T07:47:29+00:00\",\"breadcrumb\":{\"@id\":\"https:\\\/\\\/www.hotel-de-guyenne.fr\\\/en\\\/#breadcrumb\"},\"inLanguage\":\"en-US\",\"potentialAction\":[{\"@type\":\"ReadAction\",\"target\":[\"https:\\\/\\\/www.hotel-de-guyenne.fr\\\/en\\\/\"]}]},{\"@type\":\"ImageObject\",\"inLanguage\":\"en-US\",\"@id\":\"https:\\\/\\\/www.hotel-de-guyenne.fr\\\/en\\\/#primaryimage\",\"url\":\"http:\\\/\\\/de2442.ispfr.net\\\/_hotelguyenne\\\/wp-content\\\/uploads\\\/2016\\\/11\\\/logo-trip-advisor.png\",\"contentUrl\":\"http:\\\/\\\/de2442.ispfr.net\\\/_hotelguyenne\\\/wp-content\\\/uploads\\\/2016\\\/11\\\/logo-trip-advisor.png\"},{\"@type\":\"BreadcrumbList\",\"@id\":\"https:\\\/\\\/www.hotel-de-guyenne.fr\\\/en\\\/#breadcrumb\",\"itemListElement\":[{\"@type\":\"ListItem\",\"position\":1,\"name\":\"Accueil\",\"item\":\"https:\\\/\\\/www.hotel-de-guyenne.fr\\\/en\\\/\"},{\"@type\":\"ListItem\",\"position\":2,\"name\":\"Welcome at the hotel de Guyenne\"}]},{\"@type\":\"WebSite\",\"@id\":\"https:\\\/\\\/www.hotel-de-guyenne.fr\\\/en\\\/#website\",\"url\":\"https:\\\/\\\/www.hotel-de-guyenne.fr\\\/en\\\/\",\"name\":\"Hotel de Guyenne \u00e0 Talence\",\"description\":\"H\u00f4tel restaurant deux \u00e9toiles \u00e0 Talence\",\"publisher\":{\"@id\":\"https:\\\/\\\/www.hotel-de-guyenne.fr\\\/en\\\/#organization\"},\"potentialAction\":[{\"@type\":\"SearchAction\",\"target\":{\"@type\":\"EntryPoint\",\"urlTemplate\":\"https:\\\/\\\/www.hotel-de-guyenne.fr\\\/en\\\/?s={search_term_string}\"},\"query-input\":{\"@type\":\"PropertyValueSpecification\",\"valueRequired\":true,\"valueName\":\"search_term_string\"}}],\"inLanguage\":\"en-US\"},{\"@type\":\"Organization\",\"@id\":\"https:\\\/\\\/www.hotel-de-guyenne.fr\\\/en\\\/#organization\",\"name\":\"Lyc\u00e9e H\u00f4telier de Bordeaux Talence\",\"url\":\"https:\\\/\\\/www.hotel-de-guyenne.fr\\\/en\\\/\",\"logo\":{\"@type\":\"ImageObject\",\"inLanguage\":\"en-US\",\"@id\":\"https:\\\/\\\/www.hotel-de-guyenne.fr\\\/en\\\/#\\\/schema\\\/logo\\\/image\\\/\",\"url\":\"https:\\\/\\\/www.hotel-de-guyenne.fr\\\/wp-content\\\/uploads\\\/2016\\\/11\\\/logo-lycee-d-hotellerie-et-tourisme-de-gascogne-talence.jpg\",\"contentUrl\":\"https:\\\/\\\/www.hotel-de-guyenne.fr\\\/wp-content\\\/uploads\\\/2016\\\/11\\\/logo-lycee-d-hotellerie-et-tourisme-de-gascogne-talence.jpg\",\"width\":150,\"height\":84,\"caption\":\"Lyc\u00e9e H\u00f4telier de Bordeaux Talence\"},\"image\":{\"@id\":\"https:\\\/\\\/www.hotel-de-guyenne.fr\\\/en\\\/#\\\/schema\\\/logo\\\/image\\\/\"}}]}<\/script>\n<!-- \/ Yoast SEO plugin. -->","yoast_head_json":{"title":"Welcome at the hotel de Guyenne - Hotel de Guyenne \u00e0 Talence","robots":{"index":"index","follow":"follow","max-snippet":"max-snippet:-1","max-image-preview":"max-image-preview:large","max-video-preview":"max-video-preview:-1"},"canonical":"https:\/\/www.hotel-de-guyenne.fr\/en\/","og_locale":"en_US","og_type":"article","og_title":"Welcome at the hotel de Guyenne - Hotel de Guyenne \u00e0 Talence","og_description":"Conveniently located fifteen minutes from downtown Bordeaux, in the heart of the University campus and next to the business areas in Talence-Pessac-Gradignan, the hotel de Guyenne provides high quality guest services : 32 spacious rooms completely redesigned in a contemporary style in 2014 a restaurant, with a 40-person\u00a0 seating capacity, famous for its \u201c\u00e0 la [&hellip;]","og_url":"https:\/\/www.hotel-de-guyenne.fr\/en\/","og_site_name":"Hotel de Guyenne \u00e0 Talence","article_modified_time":"2023-09-08T07:47:29+00:00","og_image":[{"url":"http:\/\/de2442.ispfr.net\/_hotelguyenne\/wp-content\/uploads\/2016\/11\/logo-trip-advisor.png","type":"","width":"","height":""}],"twitter_card":"summary_large_image","twitter_misc":{"Est. reading time":"2 minutes"},"schema":{"@context":"https:\/\/schema.org","@graph":[{"@type":"WebPage","@id":"https:\/\/www.hotel-de-guyenne.fr\/en\/","url":"https:\/\/www.hotel-de-guyenne.fr\/en\/","name":"Welcome at the hotel de Guyenne - Hotel de Guyenne \u00e0 Talence","isPartOf":{"@id":"https:\/\/www.hotel-de-guyenne.fr\/en\/#website"},"primaryImageOfPage":{"@id":"https:\/\/www.hotel-de-guyenne.fr\/en\/#primaryimage"},"image":{"@id":"https:\/\/www.hotel-de-guyenne.fr\/en\/#primaryimage"},"thumbnailUrl":"http:\/\/de2442.ispfr.net\/_hotelguyenne\/wp-content\/uploads\/2016\/11\/logo-trip-advisor.png","datePublished":"2016-11-17T15:08:12+00:00","dateModified":"2023-09-08T07:47:29+00:00","breadcrumb":{"@id":"https:\/\/www.hotel-de-guyenne.fr\/en\/#breadcrumb"},"inLanguage":"en-US","potentialAction":[{"@type":"ReadAction","target":["https:\/\/www.hotel-de-guyenne.fr\/en\/"]}]},{"@type":"ImageObject","inLanguage":"en-US","@id":"https:\/\/www.hotel-de-guyenne.fr\/en\/#primaryimage","url":"http:\/\/de2442.ispfr.net\/_hotelguyenne\/wp-content\/uploads\/2016\/11\/logo-trip-advisor.png","contentUrl":"http:\/\/de2442.ispfr.net\/_hotelguyenne\/wp-content\/uploads\/2016\/11\/logo-trip-advisor.png"},{"@type":"BreadcrumbList","@id":"https:\/\/www.hotel-de-guyenne.fr\/en\/#breadcrumb","itemListElement":[{"@type":"ListItem","position":1,"name":"Accueil","item":"https:\/\/www.hotel-de-guyenne.fr\/en\/"},{"@type":"ListItem","position":2,"name":"Welcome at the hotel de Guyenne"}]},{"@type":"WebSite","@id":"https:\/\/www.hotel-de-guyenne.fr\/en\/#website","url":"https:\/\/www.hotel-de-guyenne.fr\/en\/","name":"Hotel de Guyenne \u00e0 Talence","description":"H\u00f4tel restaurant deux \u00e9toiles \u00e0 Talence","publisher":{"@id":"https:\/\/www.hotel-de-guyenne.fr\/en\/#organization"},"potentialAction":[{"@type":"SearchAction","target":{"@type":"EntryPoint","urlTemplate":"https:\/\/www.hotel-de-guyenne.fr\/en\/?s={search_term_string}"},"query-input":{"@type":"PropertyValueSpecification","valueRequired":true,"valueName":"search_term_string"}}],"inLanguage":"en-US"},{"@type":"Organization","@id":"https:\/\/www.hotel-de-guyenne.fr\/en\/#organization","name":"Lyc\u00e9e H\u00f4telier de Bordeaux Talence","url":"https:\/\/www.hotel-de-guyenne.fr\/en\/","logo":{"@type":"ImageObject","inLanguage":"en-US","@id":"https:\/\/www.hotel-de-guyenne.fr\/en\/#\/schema\/logo\/image\/","url":"https:\/\/www.hotel-de-guyenne.fr\/wp-content\/uploads\/2016\/11\/logo-lycee-d-hotellerie-et-tourisme-de-gascogne-talence.jpg","contentUrl":"https:\/\/www.hotel-de-guyenne.fr\/wp-content\/uploads\/2016\/11\/logo-lycee-d-hotellerie-et-tourisme-de-gascogne-talence.jpg","width":150,"height":84,"caption":"Lyc\u00e9e H\u00f4telier de Bordeaux Talence"},"image":{"@id":"https:\/\/www.hotel-de-guyenne.fr\/en\/#\/schema\/logo\/image\/"}}]}},"_links":{"self":[{"href":"https:\/\/www.hotel-de-guyenne.fr\/en\/wp-json\/wp\/v2\/pages\/256","targetHints":{"allow":["GET"]}}],"collection":[{"href":"https:\/\/www.hotel-de-guyenne.fr\/en\/wp-json\/wp\/v2\/pages"}],"about":[{"href":"https:\/\/www.hotel-de-guyenne.fr\/en\/wp-json\/wp\/v2\/types\/page"}],"author":[{"embeddable":true,"href":"https:\/\/www.hotel-de-guyenne.fr\/en\/wp-json\/wp\/v2\/users\/1"}],"replies":[{"embeddable":true,"href":"https:\/\/www.hotel-de-guyenne.fr\/en\/wp-json\/wp\/v2\/comments?post=256"}],"version-history":[{"count":21,"href":"https:\/\/www.hotel-de-guyenne.fr\/en\/wp-json\/wp\/v2\/pages\/256\/revisions"}],"predecessor-version":[{"id":1687,"href":"https:\/\/www.hotel-de-guyenne.fr\/en\/wp-json\/wp\/v2\/pages\/256\/revisions\/1687"}],"wp:attachment":[{"href":"https:\/\/www.hotel-de-guyenne.fr\/en\/wp-json\/wp\/v2\/media?parent=256"}],"curies":[{"name":"wp","href":"https:\/\/api.w.org\/{rel}","templated":true}]}}