{"id":321,"date":"2016-11-22T21:35:59","date_gmt":"2016-11-22T20:35:59","guid":{"rendered":"http:\/\/de2442.ispfr.net\/_hotelguyenne\/en\/?page_id=321"},"modified":"2016-11-23T21:21:55","modified_gmt":"2016-11-23T20:21:55","slug":"rooms","status":"publish","type":"page","link":"https:\/\/www.hotel-de-guyenne.fr\/en\/rooms\/","title":{"rendered":"Our rooms"},"content":{"rendered":"<p>The hotel de Guyenne is a two stars hotel providing 32 rooms all equiped with top quality bedding and modern bathroom :<\/p>\n<ul>\n<li>one suite with upscale comfort,<\/li>\n<li>two family suites that can admit up to 4 people,<\/li>\n<li>27 rooms all well-equiped with either a double or twin beds, bathroom and separate toilet,<\/li>\n<li>two rooms for people with reduced mobility.<\/li>\n<\/ul>\n<p>Accomodation at your best convenience : night with breakfast or not, night with dinner and breakfast included.<\/p>\n<p>Unbeatable price\/performance ratio.<\/p>\n<p>Free WIFI access in the hotel.<\/p>\n<p>Free private parking.<\/p>\n<p>The hotel de Guyenne enjoys a privileged location in a natural setting, also as most of our guests, you will appreciate our spacious and peaceful rooms. A place to relax or to work in total serenity, and of course where you will spend a good night\u2019s sleep.<\/p>\n<p>&nbsp;<\/p>\n<h4 style=\"text-align: center;\">A charming decoration with different atmospheres.<\/h4>\n<p>&nbsp;<\/p>\n<div id='gallery-1' class='gallery galleryid-321 gallery-columns-6 gallery-size-imagette'><dl class='gallery-item'>\n\t\t\t<dt class='gallery-icon landscape'>\n\t\t\t\t<a href='https:\/\/www.hotel-de-guyenne.fr\/wp-content\/uploads\/2016\/11\/H\u00f4tel-de-Guyenne-chambre-grand-lit-ambiance-chic-1024x683.jpg' title=\"\" data-rl_title=\"\" class=\"rl-gallery-link\" data-rl_caption=\"\" data-rel=\"lightbox-gallery-1\"><img loading=\"lazy\" decoding=\"async\" width=\"370\" height=\"215\" src=\"https:\/\/www.hotel-de-guyenne.fr\/wp-content\/uploads\/2016\/11\/H\u00f4tel-de-Guyenne-chambre-grand-lit-ambiance-chic-370x215.jpg\" class=\"attachment-imagette size-imagette\" alt=\"chambres grand lit c\u00f4t\u00e9 parc\" aria-describedby=\"gallery-1-1163\" \/><\/a>\n\t\t\t<\/dt>\n\t\t\t\t<dd class='wp-caption-text gallery-caption' id='gallery-1-1163'>\n\t\t\t\tUrbaine chic\n\t\t\t\t<\/dd><\/dl><dl class='gallery-item'>\n\t\t\t<dt class='gallery-icon landscape'>\n\t\t\t\t<a href='https:\/\/www.hotel-de-guyenne.fr\/wp-content\/uploads\/2016\/11\/H\u00f4tel-de-Guyenne-salle-de-bains-1024x779.jpg' title=\"\" data-rl_title=\"\" class=\"rl-gallery-link\" data-rl_caption=\"\" data-rel=\"lightbox-gallery-1\"><img loading=\"lazy\" decoding=\"async\" width=\"370\" height=\"215\" src=\"https:\/\/www.hotel-de-guyenne.fr\/wp-content\/uploads\/2016\/11\/H\u00f4tel-de-Guyenne-salle-de-bains-370x215.jpg\" class=\"attachment-imagette size-imagette\" alt=\"\" \/><\/a>\n\t\t\t<\/dt><\/dl><dl class='gallery-item'>\n\t\t\t<dt class='gallery-icon landscape'>\n\t\t\t\t<a href='https:\/\/www.hotel-de-guyenne.fr\/wp-content\/uploads\/2016\/11\/H\u00f4tel-de-Guyenne-chambre-grand-lit-ambiance-chic-fonc\u00e9e-1024x683.jpg' title=\"\" data-rl_title=\"\" class=\"rl-gallery-link\" data-rl_caption=\"\" data-rel=\"lightbox-gallery-1\"><img loading=\"lazy\" decoding=\"async\" width=\"370\" height=\"215\" src=\"https:\/\/www.hotel-de-guyenne.fr\/wp-content\/uploads\/2016\/11\/H\u00f4tel-de-Guyenne-chambre-grand-lit-ambiance-chic-fonc\u00e9e-370x215.jpg\" class=\"attachment-imagette size-imagette\" alt=\"Chambres grand lit c\u00f4t\u00e9 parc\" aria-describedby=\"gallery-1-1164\" \/><\/a>\n\t\t\t<\/dt>\n\t\t\t\t<dd class='wp-caption-text gallery-caption' id='gallery-1-1164'>\n\t\t\t\tUrbaine chic\n\t\t\t\t<\/dd><\/dl><dl class='gallery-item'>\n\t\t\t<dt class='gallery-icon landscape'>\n\t\t\t\t<a href='https:\/\/www.hotel-de-guyenne.fr\/wp-content\/uploads\/2016\/11\/H\u00f4tel-de-Guyenne-chambre-grand-lit-ambiance-choc-1024x683.jpg' title=\"\" data-rl_title=\"\" class=\"rl-gallery-link\" data-rl_caption=\"\" data-rel=\"lightbox-gallery-1\"><img loading=\"lazy\" decoding=\"async\" width=\"370\" height=\"215\" src=\"https:\/\/www.hotel-de-guyenne.fr\/wp-content\/uploads\/2016\/11\/H\u00f4tel-de-Guyenne-chambre-grand-lit-ambiance-choc-370x215.jpg\" class=\"attachment-imagette size-imagette\" alt=\"chambres grand lit c\u00f4t\u00e9 lyc\u00e9e\" aria-describedby=\"gallery-1-1165\" \/><\/a>\n\t\t\t<\/dt>\n\t\t\t\t<dd class='wp-caption-text gallery-caption' id='gallery-1-1165'>\n\t\t\t\tUrbaine choc\n\t\t\t\t<\/dd><\/dl><dl class='gallery-item'>\n\t\t\t<dt class='gallery-icon portrait'>\n\t\t\t\t<a href='https:\/\/www.hotel-de-guyenne.fr\/wp-content\/uploads\/2016\/11\/H\u00f4tel-de-Guyenne-salle-de-bains-ambiance-choc-e1479324098460-770x1024.jpg' title=\"\" data-rl_title=\"\" class=\"rl-gallery-link\" data-rl_caption=\"\" data-rel=\"lightbox-gallery-1\"><img loading=\"lazy\" decoding=\"async\" width=\"370\" height=\"215\" src=\"https:\/\/www.hotel-de-guyenne.fr\/wp-content\/uploads\/2016\/11\/H\u00f4tel-de-Guyenne-salle-de-bains-ambiance-choc-e1479324098460-370x215.jpg\" class=\"attachment-imagette size-imagette\" alt=\"salles de bains vasque\" aria-describedby=\"gallery-1-1166\" \/><\/a>\n\t\t\t<\/dt>\n\t\t\t\t<dd class='wp-caption-text gallery-caption' id='gallery-1-1166'>\n\t\t\t\tUrbaine choc\n\t\t\t\t<\/dd><\/dl><dl class='gallery-item'>\n\t\t\t<dt class='gallery-icon landscape'>\n\t\t\t\t<a href='https:\/\/www.hotel-de-guyenne.fr\/wp-content\/uploads\/2016\/11\/H\u00f4tel-de-Guyenne-chambre-grand-lit-1024x683.jpg' title=\"\" data-rl_title=\"\" class=\"rl-gallery-link\" data-rl_caption=\"\" data-rel=\"lightbox-gallery-1\"><img loading=\"lazy\" decoding=\"async\" width=\"370\" height=\"215\" src=\"https:\/\/www.hotel-de-guyenne.fr\/wp-content\/uploads\/2016\/11\/H\u00f4tel-de-Guyenne-chambre-grand-lit-370x215.jpg\" class=\"attachment-imagette size-imagette\" alt=\"chambres grand lit c\u00f4t\u00e9 lyc\u00e9e\" aria-describedby=\"gallery-1-1167\" \/><\/a>\n\t\t\t<\/dt>\n\t\t\t\t<dd class='wp-caption-text gallery-caption' id='gallery-1-1167'>\n\t\t\t\tUrbaine choc\n\t\t\t\t<\/dd><\/dl><br style=\"clear: both\" \/><dl class='gallery-item'>\n\t\t\t<dt class='gallery-icon landscape'>\n\t\t\t\t<a href='https:\/\/www.hotel-de-guyenne.fr\/wp-content\/uploads\/2016\/11\/H\u00f4tel-de-Guyenne-chambre-de-la-suite-c\u00f4t\u00e9-salle-de-bains-1024x683.jpg' title=\"\" data-rl_title=\"\" class=\"rl-gallery-link\" data-rl_caption=\"\" data-rel=\"lightbox-gallery-1\"><img loading=\"lazy\" decoding=\"async\" width=\"370\" height=\"215\" src=\"https:\/\/www.hotel-de-guyenne.fr\/wp-content\/uploads\/2016\/11\/H\u00f4tel-de-Guyenne-chambre-de-la-suite-c\u00f4t\u00e9-salle-de-bains-370x215.jpg\" class=\"attachment-imagette size-imagette\" alt=\"\" aria-describedby=\"gallery-1-942\" \/><\/a>\n\t\t\t<\/dt>\n\t\t\t\t<dd class='wp-caption-text gallery-caption' id='gallery-1-942'>\n\t\t\t\tSuite privil\u00e8ge\n\t\t\t\t<\/dd><\/dl><dl class='gallery-item'>\n\t\t\t<dt class='gallery-icon portrait'>\n\t\t\t\t<a href='https:\/\/www.hotel-de-guyenne.fr\/wp-content\/uploads\/2016\/11\/El\u00e9gance-classique-e1479910945601-683x1024.jpg' title=\"\" data-rl_title=\"\" class=\"rl-gallery-link\" data-rl_caption=\"\" data-rel=\"lightbox-gallery-1\"><img loading=\"lazy\" decoding=\"async\" width=\"370\" height=\"215\" src=\"https:\/\/www.hotel-de-guyenne.fr\/wp-content\/uploads\/2016\/11\/El\u00e9gance-classique-e1479910945601-370x215.jpg\" class=\"attachment-imagette size-imagette\" alt=\"Suite haut de gamme salle de bains\" aria-describedby=\"gallery-1-1168\" \/><\/a>\n\t\t\t<\/dt>\n\t\t\t\t<dd class='wp-caption-text gallery-caption' id='gallery-1-1168'>\n\t\t\t\t\u00c9l\u00e9gance classique\n\t\t\t\t<\/dd><\/dl><dl class='gallery-item'>\n\t\t\t<dt class='gallery-icon landscape'>\n\t\t\t\t<a href='https:\/\/www.hotel-de-guyenne.fr\/wp-content\/uploads\/2016\/11\/H\u00f4tel-de-Guyenne-salon-de-la-suite-1024x683.jpg' title=\"\" data-rl_title=\"\" class=\"rl-gallery-link\" data-rl_caption=\"\" data-rel=\"lightbox-gallery-1\"><img loading=\"lazy\" decoding=\"async\" width=\"370\" height=\"215\" src=\"https:\/\/www.hotel-de-guyenne.fr\/wp-content\/uploads\/2016\/11\/H\u00f4tel-de-Guyenne-salon-de-la-suite-370x215.jpg\" class=\"attachment-imagette size-imagette\" alt=\"\" aria-describedby=\"gallery-1-943\" \/><\/a>\n\t\t\t<\/dt>\n\t\t\t\t<dd class='wp-caption-text gallery-caption' id='gallery-1-943'>\n\t\t\t\tLe Salon de la suite privil\u00e8ge\n\t\t\t\t<\/dd><\/dl>\n\t\t\t<br style='clear: both' \/>\n\t\t<\/div>\n\n","protected":false},"excerpt":{"rendered":"<p>The hotel de Guyenne is a two stars hotel providing 32 rooms all equiped with top quality bedding and modern bathroom : one suite with upscale comfort, two family suites that can admit up to 4 people, 27 rooms all well-equiped with either a double or twin beds, bathroom and separate toilet, two rooms for [&hellip;]<\/p>\n","protected":false},"author":2,"featured_media":0,"parent":0,"menu_order":0,"comment_status":"closed","ping_status":"closed","template":"","meta":{"_acf_changed":false,"_monsterinsights_skip_tracking":false,"_monsterinsights_sitenote_active":false,"_monsterinsights_sitenote_note":"","_monsterinsights_sitenote_category":0,"footnotes":""},"class_list":["post-321","page","type-page","status-publish","hentry"],"acf":[],"yoast_head":"<!-- This site is optimized with the Yoast SEO plugin v27.4 - https:\/\/yoast.com\/product\/yoast-seo-wordpress\/ -->\n<title>Our rooms - Hotel de Guyenne \u00e0 Talence<\/title>\n<meta name=\"robots\" content=\"index, follow, max-snippet:-1, max-image-preview:large, max-video-preview:-1\" \/>\n<link rel=\"canonical\" href=\"https:\/\/www.hotel-de-guyenne.fr\/en\/rooms\/\" \/>\n<meta property=\"og:locale\" content=\"en_US\" \/>\n<meta property=\"og:type\" content=\"article\" \/>\n<meta property=\"og:title\" content=\"Our rooms - Hotel de Guyenne \u00e0 Talence\" \/>\n<meta property=\"og:description\" content=\"The hotel de Guyenne is a two stars hotel providing 32 rooms all equiped with top quality bedding and modern bathroom : one suite with upscale comfort, two family suites that can admit up to 4 people, 27 rooms all well-equiped with either a double or twin beds, bathroom and separate toilet, two rooms for [&hellip;]\" \/>\n<meta property=\"og:url\" content=\"https:\/\/www.hotel-de-guyenne.fr\/en\/rooms\/\" \/>\n<meta property=\"og:site_name\" content=\"Hotel de Guyenne \u00e0 Talence\" \/>\n<meta property=\"article:modified_time\" content=\"2016-11-23T20:21:55+00:00\" \/>\n<meta property=\"og:image\" content=\"https:\/\/www.hotel-de-guyenne.fr\/wp-content\/uploads\/2016\/11\/H\u00f4tel-de-Guyenne-chambre-grand-lit-ambiance-chic-370x215.jpg\" \/>\n<meta name=\"twitter:card\" content=\"summary_large_image\" \/>\n<meta name=\"twitter:label1\" content=\"Est. reading time\" \/>\n\t<meta name=\"twitter:data1\" content=\"1 minute\" \/>\n<script type=\"application\/ld+json\" class=\"yoast-schema-graph\">{\"@context\":\"https:\\\/\\\/schema.org\",\"@graph\":[{\"@type\":\"WebPage\",\"@id\":\"https:\\\/\\\/www.hotel-de-guyenne.fr\\\/en\\\/rooms\\\/\",\"url\":\"https:\\\/\\\/www.hotel-de-guyenne.fr\\\/en\\\/rooms\\\/\",\"name\":\"Our rooms - Hotel de Guyenne \u00e0 Talence\",\"isPartOf\":{\"@id\":\"https:\\\/\\\/www.hotel-de-guyenne.fr\\\/en\\\/#website\"},\"datePublished\":\"2016-11-22T20:35:59+00:00\",\"dateModified\":\"2016-11-23T20:21:55+00:00\",\"breadcrumb\":{\"@id\":\"https:\\\/\\\/www.hotel-de-guyenne.fr\\\/en\\\/rooms\\\/#breadcrumb\"},\"inLanguage\":\"en-US\",\"potentialAction\":[{\"@type\":\"ReadAction\",\"target\":[\"https:\\\/\\\/www.hotel-de-guyenne.fr\\\/en\\\/rooms\\\/\"]}]},{\"@type\":\"BreadcrumbList\",\"@id\":\"https:\\\/\\\/www.hotel-de-guyenne.fr\\\/en\\\/rooms\\\/#breadcrumb\",\"itemListElement\":[{\"@type\":\"ListItem\",\"position\":1,\"name\":\"Accueil\",\"item\":\"https:\\\/\\\/www.hotel-de-guyenne.fr\\\/en\\\/\"},{\"@type\":\"ListItem\",\"position\":2,\"name\":\"Our rooms\"}]},{\"@type\":\"WebSite\",\"@id\":\"https:\\\/\\\/www.hotel-de-guyenne.fr\\\/en\\\/#website\",\"url\":\"https:\\\/\\\/www.hotel-de-guyenne.fr\\\/en\\\/\",\"name\":\"Hotel de Guyenne \u00e0 Talence\",\"description\":\"H\u00f4tel restaurant deux \u00e9toiles \u00e0 Talence\",\"publisher\":{\"@id\":\"https:\\\/\\\/www.hotel-de-guyenne.fr\\\/en\\\/#organization\"},\"potentialAction\":[{\"@type\":\"SearchAction\",\"target\":{\"@type\":\"EntryPoint\",\"urlTemplate\":\"https:\\\/\\\/www.hotel-de-guyenne.fr\\\/en\\\/?s={search_term_string}\"},\"query-input\":{\"@type\":\"PropertyValueSpecification\",\"valueRequired\":true,\"valueName\":\"search_term_string\"}}],\"inLanguage\":\"en-US\"},{\"@type\":\"Organization\",\"@id\":\"https:\\\/\\\/www.hotel-de-guyenne.fr\\\/en\\\/#organization\",\"name\":\"Lyc\u00e9e H\u00f4telier de Bordeaux Talence\",\"url\":\"https:\\\/\\\/www.hotel-de-guyenne.fr\\\/en\\\/\",\"logo\":{\"@type\":\"ImageObject\",\"inLanguage\":\"en-US\",\"@id\":\"https:\\\/\\\/www.hotel-de-guyenne.fr\\\/en\\\/#\\\/schema\\\/logo\\\/image\\\/\",\"url\":\"https:\\\/\\\/www.hotel-de-guyenne.fr\\\/wp-content\\\/uploads\\\/2016\\\/11\\\/logo-lycee-d-hotellerie-et-tourisme-de-gascogne-talence.jpg\",\"contentUrl\":\"https:\\\/\\\/www.hotel-de-guyenne.fr\\\/wp-content\\\/uploads\\\/2016\\\/11\\\/logo-lycee-d-hotellerie-et-tourisme-de-gascogne-talence.jpg\",\"width\":150,\"height\":84,\"caption\":\"Lyc\u00e9e H\u00f4telier de Bordeaux Talence\"},\"image\":{\"@id\":\"https:\\\/\\\/www.hotel-de-guyenne.fr\\\/en\\\/#\\\/schema\\\/logo\\\/image\\\/\"}}]}<\/script>\n<!-- \/ Yoast SEO plugin. -->","yoast_head_json":{"title":"Our rooms - Hotel de Guyenne \u00e0 Talence","robots":{"index":"index","follow":"follow","max-snippet":"max-snippet:-1","max-image-preview":"max-image-preview:large","max-video-preview":"max-video-preview:-1"},"canonical":"https:\/\/www.hotel-de-guyenne.fr\/en\/rooms\/","og_locale":"en_US","og_type":"article","og_title":"Our rooms - Hotel de Guyenne \u00e0 Talence","og_description":"The hotel de Guyenne is a two stars hotel providing 32 rooms all equiped with top quality bedding and modern bathroom : one suite with upscale comfort, two family suites that can admit up to 4 people, 27 rooms all well-equiped with either a double or twin beds, bathroom and separate toilet, two rooms for [&hellip;]","og_url":"https:\/\/www.hotel-de-guyenne.fr\/en\/rooms\/","og_site_name":"Hotel de Guyenne \u00e0 Talence","article_modified_time":"2016-11-23T20:21:55+00:00","og_image":[{"url":"https:\/\/www.hotel-de-guyenne.fr\/wp-content\/uploads\/2016\/11\/H\u00f4tel-de-Guyenne-chambre-grand-lit-ambiance-chic-370x215.jpg","type":"","width":"","height":""}],"twitter_card":"summary_large_image","twitter_misc":{"Est. reading time":"1 minute"},"schema":{"@context":"https:\/\/schema.org","@graph":[{"@type":"WebPage","@id":"https:\/\/www.hotel-de-guyenne.fr\/en\/rooms\/","url":"https:\/\/www.hotel-de-guyenne.fr\/en\/rooms\/","name":"Our rooms - Hotel de Guyenne \u00e0 Talence","isPartOf":{"@id":"https:\/\/www.hotel-de-guyenne.fr\/en\/#website"},"datePublished":"2016-11-22T20:35:59+00:00","dateModified":"2016-11-23T20:21:55+00:00","breadcrumb":{"@id":"https:\/\/www.hotel-de-guyenne.fr\/en\/rooms\/#breadcrumb"},"inLanguage":"en-US","potentialAction":[{"@type":"ReadAction","target":["https:\/\/www.hotel-de-guyenne.fr\/en\/rooms\/"]}]},{"@type":"BreadcrumbList","@id":"https:\/\/www.hotel-de-guyenne.fr\/en\/rooms\/#breadcrumb","itemListElement":[{"@type":"ListItem","position":1,"name":"Accueil","item":"https:\/\/www.hotel-de-guyenne.fr\/en\/"},{"@type":"ListItem","position":2,"name":"Our rooms"}]},{"@type":"WebSite","@id":"https:\/\/www.hotel-de-guyenne.fr\/en\/#website","url":"https:\/\/www.hotel-de-guyenne.fr\/en\/","name":"Hotel de Guyenne \u00e0 Talence","description":"H\u00f4tel restaurant deux \u00e9toiles \u00e0 Talence","publisher":{"@id":"https:\/\/www.hotel-de-guyenne.fr\/en\/#organization"},"potentialAction":[{"@type":"SearchAction","target":{"@type":"EntryPoint","urlTemplate":"https:\/\/www.hotel-de-guyenne.fr\/en\/?s={search_term_string}"},"query-input":{"@type":"PropertyValueSpecification","valueRequired":true,"valueName":"search_term_string"}}],"inLanguage":"en-US"},{"@type":"Organization","@id":"https:\/\/www.hotel-de-guyenne.fr\/en\/#organization","name":"Lyc\u00e9e H\u00f4telier de Bordeaux Talence","url":"https:\/\/www.hotel-de-guyenne.fr\/en\/","logo":{"@type":"ImageObject","inLanguage":"en-US","@id":"https:\/\/www.hotel-de-guyenne.fr\/en\/#\/schema\/logo\/image\/","url":"https:\/\/www.hotel-de-guyenne.fr\/wp-content\/uploads\/2016\/11\/logo-lycee-d-hotellerie-et-tourisme-de-gascogne-talence.jpg","contentUrl":"https:\/\/www.hotel-de-guyenne.fr\/wp-content\/uploads\/2016\/11\/logo-lycee-d-hotellerie-et-tourisme-de-gascogne-talence.jpg","width":150,"height":84,"caption":"Lyc\u00e9e H\u00f4telier de Bordeaux Talence"},"image":{"@id":"https:\/\/www.hotel-de-guyenne.fr\/en\/#\/schema\/logo\/image\/"}}]}},"_links":{"self":[{"href":"https:\/\/www.hotel-de-guyenne.fr\/en\/wp-json\/wp\/v2\/pages\/321","targetHints":{"allow":["GET"]}}],"collection":[{"href":"https:\/\/www.hotel-de-guyenne.fr\/en\/wp-json\/wp\/v2\/pages"}],"about":[{"href":"https:\/\/www.hotel-de-guyenne.fr\/en\/wp-json\/wp\/v2\/types\/page"}],"author":[{"embeddable":true,"href":"https:\/\/www.hotel-de-guyenne.fr\/en\/wp-json\/wp\/v2\/users\/2"}],"replies":[{"embeddable":true,"href":"https:\/\/www.hotel-de-guyenne.fr\/en\/wp-json\/wp\/v2\/comments?post=321"}],"version-history":[{"count":21,"href":"https:\/\/www.hotel-de-guyenne.fr\/en\/wp-json\/wp\/v2\/pages\/321\/revisions"}],"predecessor-version":[{"id":467,"href":"https:\/\/www.hotel-de-guyenne.fr\/en\/wp-json\/wp\/v2\/pages\/321\/revisions\/467"}],"wp:attachment":[{"href":"https:\/\/www.hotel-de-guyenne.fr\/en\/wp-json\/wp\/v2\/media?parent=321"}],"curies":[{"name":"wp","href":"https:\/\/api.w.org\/{rel}","templated":true}]}}