{"id":323,"date":"2016-11-22T21:37:29","date_gmt":"2016-11-22T20:37:29","guid":{"rendered":"http:\/\/de2442.ispfr.net\/_hotelguyenne\/en\/?page_id=323"},"modified":"2016-11-23T21:24:49","modified_gmt":"2016-11-23T20:24:49","slug":"restaurant","status":"publish","type":"page","link":"https:\/\/www.hotel-de-guyenne.fr\/en\/restaurant\/","title":{"rendered":"Restaurant"},"content":{"rendered":"<p style=\"text-align: center;\">Our restaurant reserves a warm welcome from Monday to Friday for lunch and dinner.<\/p>\n<h4 style=\"text-align: left;\"><\/h4>\n<h4 style=\"text-align: left;\">For lunch, try our special offer &#8220;all included&#8221; :<\/h4>\n<ul>\n<li style=\"text-align: left;\">menu &#8220;bistronomique&#8221; : 17 \u20ac (first course plus main course or main course plus dessert, 1 cold drink and 1 coffee)<\/li>\n<li style=\"text-align: left;\">menu &#8220;gourmand&#8221; : 22 \u20ac (first course, main course, dessert,\u00a01 cold drink and 1 coffee)<\/li>\n<\/ul>\n<p>&nbsp;<\/p>\n<h4>For diner, try our gastronomic offer :<\/h4>\n<ul>\n<li>menu &#8220;plaisir des sens&#8221; : 22 \u20ac (first course, main course : fish or meat, dessert)<\/li>\n<li>menu &#8220;plaisir \u00e9picurien&#8221; : 28 \u20ac (first course, 2 main courses : fish and meat, dessert)<\/li>\n<\/ul>\n<p>&nbsp;<\/p>\n<div id='gallery-1' class='gallery galleryid-323 gallery-columns-4 gallery-size-full'><dl class='gallery-item'>\n\t\t\t<dt class='gallery-icon landscape'>\n\t\t\t\t<a href='https:\/\/www.hotel-de-guyenne.fr\/wp-content\/uploads\/2016\/11\/H\u00f4tel-de-Guyenne-restaurant-1024x683.jpg' title=\"\" data-rl_title=\"\" class=\"rl-gallery-link\" data-rl_caption=\"\" data-rel=\"lightbox-gallery-1\"><img loading=\"lazy\" decoding=\"async\" width=\"4608\" height=\"3072\" src=\"https:\/\/www.hotel-de-guyenne.fr\/wp-content\/uploads\/2016\/11\/H\u00f4tel-de-Guyenne-restaurant.jpg\" class=\"attachment-full size-full\" alt=\"Restaurant de l&#039;h\u00f4tel de Guyenne \u00e0 talence table deux couverts\" srcset=\"https:\/\/www.hotel-de-guyenne.fr\/wp-content\/uploads\/2016\/11\/H\u00f4tel-de-Guyenne-restaurant.jpg 4608w, https:\/\/www.hotel-de-guyenne.fr\/wp-content\/uploads\/2016\/11\/H\u00f4tel-de-Guyenne-restaurant-300x200.jpg 300w, https:\/\/www.hotel-de-guyenne.fr\/wp-content\/uploads\/2016\/11\/H\u00f4tel-de-Guyenne-restaurant-768x512.jpg 768w, https:\/\/www.hotel-de-guyenne.fr\/wp-content\/uploads\/2016\/11\/H\u00f4tel-de-Guyenne-restaurant-1024x683.jpg 1024w\" sizes=\"auto, (max-width: 4608px) 100vw, 4608px\" \/><\/a>\n\t\t\t<\/dt><\/dl><dl class='gallery-item'>\n\t\t\t<dt class='gallery-icon landscape'>\n\t\t\t\t<a href='https:\/\/www.hotel-de-guyenne.fr\/wp-content\/uploads\/2016\/11\/PHALIM-ALI-051-001-1024x683.jpg' title=\"\" data-rl_title=\"\" class=\"rl-gallery-link\" data-rl_caption=\"\" data-rel=\"lightbox-gallery-1\"><img loading=\"lazy\" decoding=\"async\" width=\"4000\" height=\"2669\" src=\"https:\/\/www.hotel-de-guyenne.fr\/wp-content\/uploads\/2016\/11\/PHALIM-ALI-051-001.jpg\" class=\"attachment-full size-full\" alt=\"\" srcset=\"https:\/\/www.hotel-de-guyenne.fr\/wp-content\/uploads\/2016\/11\/PHALIM-ALI-051-001.jpg 4000w, https:\/\/www.hotel-de-guyenne.fr\/wp-content\/uploads\/2016\/11\/PHALIM-ALI-051-001-300x200.jpg 300w, https:\/\/www.hotel-de-guyenne.fr\/wp-content\/uploads\/2016\/11\/PHALIM-ALI-051-001-768x512.jpg 768w, https:\/\/www.hotel-de-guyenne.fr\/wp-content\/uploads\/2016\/11\/PHALIM-ALI-051-001-1024x683.jpg 1024w\" sizes=\"auto, (max-width: 4000px) 100vw, 4000px\" \/><\/a>\n\t\t\t<\/dt><\/dl><dl class='gallery-item'>\n\t\t\t<dt class='gallery-icon landscape'>\n\t\t\t\t<a href='https:\/\/www.hotel-de-guyenne.fr\/wp-content\/uploads\/2016\/11\/H\u00f4tel-de-Guyenne-cuisine.jpg' title=\"\" data-rl_title=\"\" class=\"rl-gallery-link\" data-rl_caption=\"\" data-rel=\"lightbox-gallery-1\"><img loading=\"lazy\" decoding=\"async\" width=\"448\" height=\"298\" src=\"https:\/\/www.hotel-de-guyenne.fr\/wp-content\/uploads\/2016\/11\/H\u00f4tel-de-Guyenne-cuisine.jpg\" class=\"attachment-full size-full\" alt=\"Restaurant de l&#039;h\u00f4tel de Guyenne \u00e0 Talence plats en cuisine\" srcset=\"https:\/\/www.hotel-de-guyenne.fr\/wp-content\/uploads\/2016\/11\/H\u00f4tel-de-Guyenne-cuisine.jpg 448w, https:\/\/www.hotel-de-guyenne.fr\/wp-content\/uploads\/2016\/11\/H\u00f4tel-de-Guyenne-cuisine-300x200.jpg 300w\" sizes=\"auto, (max-width: 448px) 100vw, 448px\" \/><\/a>\n\t\t\t<\/dt><\/dl><dl class='gallery-item'>\n\t\t\t<dt class='gallery-icon landscape'>\n\t\t\t\t<a href='https:\/\/www.hotel-de-guyenne.fr\/wp-content\/uploads\/2016\/11\/H\u00f4tel-de-Guyenne-dessert.jpg' title=\"\" data-rl_title=\"\" class=\"rl-gallery-link\" data-rl_caption=\"\" data-rel=\"lightbox-gallery-1\"><img loading=\"lazy\" decoding=\"async\" width=\"448\" height=\"299\" src=\"https:\/\/www.hotel-de-guyenne.fr\/wp-content\/uploads\/2016\/11\/H\u00f4tel-de-Guyenne-dessert.jpg\" class=\"attachment-full size-full\" alt=\"Restaurant de l&#039;h\u00f4tel de Guyenne \u00e0 Talence p\u00e2tisserie\" srcset=\"https:\/\/www.hotel-de-guyenne.fr\/wp-content\/uploads\/2016\/11\/H\u00f4tel-de-Guyenne-dessert.jpg 448w, https:\/\/www.hotel-de-guyenne.fr\/wp-content\/uploads\/2016\/11\/H\u00f4tel-de-Guyenne-dessert-300x200.jpg 300w\" sizes=\"auto, (max-width: 448px) 100vw, 448px\" \/><\/a>\n\t\t\t<\/dt><\/dl><br style=\"clear: both\" \/>\n\t\t<\/div>\n\n<p>You can also discover our refined cuisine with a all inclusive rate (&#8220;Soir\u00e9e \u00e9tape&#8221;) which included dinner (first course plus main course or main course plus dessert) night and breakfast.<\/p>\n","protected":false},"excerpt":{"rendered":"<p>Our restaurant reserves a warm welcome from Monday to Friday for lunch and dinner. For lunch, try our special offer &#8220;all included&#8221; : menu &#8220;bistronomique&#8221; : 17 \u20ac (first course plus main course or main course plus dessert, 1 cold drink and 1 coffee) menu &#8220;gourmand&#8221; : 22 \u20ac (first course, main course, dessert,\u00a01 cold [&hellip;]<\/p>\n","protected":false},"author":2,"featured_media":0,"parent":0,"menu_order":0,"comment_status":"closed","ping_status":"closed","template":"","meta":{"_acf_changed":false,"_monsterinsights_skip_tracking":false,"_monsterinsights_sitenote_active":false,"_monsterinsights_sitenote_note":"","_monsterinsights_sitenote_category":0,"footnotes":""},"class_list":["post-323","page","type-page","status-publish","hentry"],"acf":[],"yoast_head":"<!-- This site is optimized with the Yoast SEO plugin v27.4 - https:\/\/yoast.com\/product\/yoast-seo-wordpress\/ -->\n<title>Restaurant - Hotel de Guyenne \u00e0 Talence<\/title>\n<meta name=\"robots\" content=\"index, follow, max-snippet:-1, max-image-preview:large, max-video-preview:-1\" \/>\n<link rel=\"canonical\" href=\"https:\/\/www.hotel-de-guyenne.fr\/en\/restaurant\/\" \/>\n<meta property=\"og:locale\" content=\"en_US\" \/>\n<meta property=\"og:type\" content=\"article\" \/>\n<meta property=\"og:title\" content=\"Restaurant - Hotel de Guyenne \u00e0 Talence\" \/>\n<meta property=\"og:description\" content=\"Our restaurant reserves a warm welcome from Monday to Friday for lunch and dinner. For lunch, try our special offer &#8220;all included&#8221; : menu &#8220;bistronomique&#8221; : 17 \u20ac (first course plus main course or main course plus dessert, 1 cold drink and 1 coffee) menu &#8220;gourmand&#8221; : 22 \u20ac (first course, main course, dessert,\u00a01 cold [&hellip;]\" \/>\n<meta property=\"og:url\" content=\"https:\/\/www.hotel-de-guyenne.fr\/en\/restaurant\/\" \/>\n<meta property=\"og:site_name\" content=\"Hotel de Guyenne \u00e0 Talence\" \/>\n<meta property=\"article:modified_time\" content=\"2016-11-23T20:24:49+00:00\" \/>\n<meta property=\"og:image\" content=\"https:\/\/www.hotel-de-guyenne.fr\/wp-content\/uploads\/2016\/11\/H\u00f4tel-de-Guyenne-restaurant.jpg\" \/>\n<meta name=\"twitter:card\" content=\"summary_large_image\" \/>\n<meta name=\"twitter:label1\" content=\"Est. reading time\" \/>\n\t<meta name=\"twitter:data1\" content=\"1 minute\" \/>\n<script type=\"application\/ld+json\" class=\"yoast-schema-graph\">{\"@context\":\"https:\\\/\\\/schema.org\",\"@graph\":[{\"@type\":\"WebPage\",\"@id\":\"https:\\\/\\\/www.hotel-de-guyenne.fr\\\/en\\\/restaurant\\\/\",\"url\":\"https:\\\/\\\/www.hotel-de-guyenne.fr\\\/en\\\/restaurant\\\/\",\"name\":\"Restaurant - Hotel de Guyenne \u00e0 Talence\",\"isPartOf\":{\"@id\":\"https:\\\/\\\/www.hotel-de-guyenne.fr\\\/en\\\/#website\"},\"datePublished\":\"2016-11-22T20:37:29+00:00\",\"dateModified\":\"2016-11-23T20:24:49+00:00\",\"breadcrumb\":{\"@id\":\"https:\\\/\\\/www.hotel-de-guyenne.fr\\\/en\\\/restaurant\\\/#breadcrumb\"},\"inLanguage\":\"en-US\",\"potentialAction\":[{\"@type\":\"ReadAction\",\"target\":[\"https:\\\/\\\/www.hotel-de-guyenne.fr\\\/en\\\/restaurant\\\/\"]}]},{\"@type\":\"BreadcrumbList\",\"@id\":\"https:\\\/\\\/www.hotel-de-guyenne.fr\\\/en\\\/restaurant\\\/#breadcrumb\",\"itemListElement\":[{\"@type\":\"ListItem\",\"position\":1,\"name\":\"Accueil\",\"item\":\"https:\\\/\\\/www.hotel-de-guyenne.fr\\\/en\\\/\"},{\"@type\":\"ListItem\",\"position\":2,\"name\":\"Restaurant\"}]},{\"@type\":\"WebSite\",\"@id\":\"https:\\\/\\\/www.hotel-de-guyenne.fr\\\/en\\\/#website\",\"url\":\"https:\\\/\\\/www.hotel-de-guyenne.fr\\\/en\\\/\",\"name\":\"Hotel de Guyenne \u00e0 Talence\",\"description\":\"H\u00f4tel restaurant deux \u00e9toiles \u00e0 Talence\",\"publisher\":{\"@id\":\"https:\\\/\\\/www.hotel-de-guyenne.fr\\\/en\\\/#organization\"},\"potentialAction\":[{\"@type\":\"SearchAction\",\"target\":{\"@type\":\"EntryPoint\",\"urlTemplate\":\"https:\\\/\\\/www.hotel-de-guyenne.fr\\\/en\\\/?s={search_term_string}\"},\"query-input\":{\"@type\":\"PropertyValueSpecification\",\"valueRequired\":true,\"valueName\":\"search_term_string\"}}],\"inLanguage\":\"en-US\"},{\"@type\":\"Organization\",\"@id\":\"https:\\\/\\\/www.hotel-de-guyenne.fr\\\/en\\\/#organization\",\"name\":\"Lyc\u00e9e H\u00f4telier de Bordeaux Talence\",\"url\":\"https:\\\/\\\/www.hotel-de-guyenne.fr\\\/en\\\/\",\"logo\":{\"@type\":\"ImageObject\",\"inLanguage\":\"en-US\",\"@id\":\"https:\\\/\\\/www.hotel-de-guyenne.fr\\\/en\\\/#\\\/schema\\\/logo\\\/image\\\/\",\"url\":\"https:\\\/\\\/www.hotel-de-guyenne.fr\\\/wp-content\\\/uploads\\\/2016\\\/11\\\/logo-lycee-d-hotellerie-et-tourisme-de-gascogne-talence.jpg\",\"contentUrl\":\"https:\\\/\\\/www.hotel-de-guyenne.fr\\\/wp-content\\\/uploads\\\/2016\\\/11\\\/logo-lycee-d-hotellerie-et-tourisme-de-gascogne-talence.jpg\",\"width\":150,\"height\":84,\"caption\":\"Lyc\u00e9e H\u00f4telier de Bordeaux Talence\"},\"image\":{\"@id\":\"https:\\\/\\\/www.hotel-de-guyenne.fr\\\/en\\\/#\\\/schema\\\/logo\\\/image\\\/\"}}]}<\/script>\n<!-- \/ Yoast SEO plugin. -->","yoast_head_json":{"title":"Restaurant - Hotel de Guyenne \u00e0 Talence","robots":{"index":"index","follow":"follow","max-snippet":"max-snippet:-1","max-image-preview":"max-image-preview:large","max-video-preview":"max-video-preview:-1"},"canonical":"https:\/\/www.hotel-de-guyenne.fr\/en\/restaurant\/","og_locale":"en_US","og_type":"article","og_title":"Restaurant - Hotel de Guyenne \u00e0 Talence","og_description":"Our restaurant reserves a warm welcome from Monday to Friday for lunch and dinner. For lunch, try our special offer &#8220;all included&#8221; : menu &#8220;bistronomique&#8221; : 17 \u20ac (first course plus main course or main course plus dessert, 1 cold drink and 1 coffee) menu &#8220;gourmand&#8221; : 22 \u20ac (first course, main course, dessert,\u00a01 cold [&hellip;]","og_url":"https:\/\/www.hotel-de-guyenne.fr\/en\/restaurant\/","og_site_name":"Hotel de Guyenne \u00e0 Talence","article_modified_time":"2016-11-23T20:24:49+00:00","og_image":[{"url":"https:\/\/www.hotel-de-guyenne.fr\/wp-content\/uploads\/2016\/11\/H\u00f4tel-de-Guyenne-restaurant.jpg","type":"","width":"","height":""}],"twitter_card":"summary_large_image","twitter_misc":{"Est. reading time":"1 minute"},"schema":{"@context":"https:\/\/schema.org","@graph":[{"@type":"WebPage","@id":"https:\/\/www.hotel-de-guyenne.fr\/en\/restaurant\/","url":"https:\/\/www.hotel-de-guyenne.fr\/en\/restaurant\/","name":"Restaurant - Hotel de Guyenne \u00e0 Talence","isPartOf":{"@id":"https:\/\/www.hotel-de-guyenne.fr\/en\/#website"},"datePublished":"2016-11-22T20:37:29+00:00","dateModified":"2016-11-23T20:24:49+00:00","breadcrumb":{"@id":"https:\/\/www.hotel-de-guyenne.fr\/en\/restaurant\/#breadcrumb"},"inLanguage":"en-US","potentialAction":[{"@type":"ReadAction","target":["https:\/\/www.hotel-de-guyenne.fr\/en\/restaurant\/"]}]},{"@type":"BreadcrumbList","@id":"https:\/\/www.hotel-de-guyenne.fr\/en\/restaurant\/#breadcrumb","itemListElement":[{"@type":"ListItem","position":1,"name":"Accueil","item":"https:\/\/www.hotel-de-guyenne.fr\/en\/"},{"@type":"ListItem","position":2,"name":"Restaurant"}]},{"@type":"WebSite","@id":"https:\/\/www.hotel-de-guyenne.fr\/en\/#website","url":"https:\/\/www.hotel-de-guyenne.fr\/en\/","name":"Hotel de Guyenne \u00e0 Talence","description":"H\u00f4tel restaurant deux \u00e9toiles \u00e0 Talence","publisher":{"@id":"https:\/\/www.hotel-de-guyenne.fr\/en\/#organization"},"potentialAction":[{"@type":"SearchAction","target":{"@type":"EntryPoint","urlTemplate":"https:\/\/www.hotel-de-guyenne.fr\/en\/?s={search_term_string}"},"query-input":{"@type":"PropertyValueSpecification","valueRequired":true,"valueName":"search_term_string"}}],"inLanguage":"en-US"},{"@type":"Organization","@id":"https:\/\/www.hotel-de-guyenne.fr\/en\/#organization","name":"Lyc\u00e9e H\u00f4telier de Bordeaux Talence","url":"https:\/\/www.hotel-de-guyenne.fr\/en\/","logo":{"@type":"ImageObject","inLanguage":"en-US","@id":"https:\/\/www.hotel-de-guyenne.fr\/en\/#\/schema\/logo\/image\/","url":"https:\/\/www.hotel-de-guyenne.fr\/wp-content\/uploads\/2016\/11\/logo-lycee-d-hotellerie-et-tourisme-de-gascogne-talence.jpg","contentUrl":"https:\/\/www.hotel-de-guyenne.fr\/wp-content\/uploads\/2016\/11\/logo-lycee-d-hotellerie-et-tourisme-de-gascogne-talence.jpg","width":150,"height":84,"caption":"Lyc\u00e9e H\u00f4telier de Bordeaux Talence"},"image":{"@id":"https:\/\/www.hotel-de-guyenne.fr\/en\/#\/schema\/logo\/image\/"}}]}},"_links":{"self":[{"href":"https:\/\/www.hotel-de-guyenne.fr\/en\/wp-json\/wp\/v2\/pages\/323","targetHints":{"allow":["GET"]}}],"collection":[{"href":"https:\/\/www.hotel-de-guyenne.fr\/en\/wp-json\/wp\/v2\/pages"}],"about":[{"href":"https:\/\/www.hotel-de-guyenne.fr\/en\/wp-json\/wp\/v2\/types\/page"}],"author":[{"embeddable":true,"href":"https:\/\/www.hotel-de-guyenne.fr\/en\/wp-json\/wp\/v2\/users\/2"}],"replies":[{"embeddable":true,"href":"https:\/\/www.hotel-de-guyenne.fr\/en\/wp-json\/wp\/v2\/comments?post=323"}],"version-history":[{"count":12,"href":"https:\/\/www.hotel-de-guyenne.fr\/en\/wp-json\/wp\/v2\/pages\/323\/revisions"}],"predecessor-version":[{"id":469,"href":"https:\/\/www.hotel-de-guyenne.fr\/en\/wp-json\/wp\/v2\/pages\/323\/revisions\/469"}],"wp:attachment":[{"href":"https:\/\/www.hotel-de-guyenne.fr\/en\/wp-json\/wp\/v2\/media?parent=323"}],"curies":[{"name":"wp","href":"https:\/\/api.w.org\/{rel}","templated":true}]}}