{"id":343,"date":"2016-11-23T09:30:24","date_gmt":"2016-11-23T08:30:24","guid":{"rendered":"http:\/\/de2442.ispfr.net\/_hotelguyenne\/en\/?page_id=343"},"modified":"2016-11-23T20:26:40","modified_gmt":"2016-11-23T19:26:40","slug":"343-2","status":"publish","type":"page","link":"https:\/\/www.hotel-de-guyenne.fr\/en\/343-2\/","title":{"rendered":"Contact us"},"content":{"rendered":"<h2>H\u00f4tel de Guyenne<\/h2>\n<p>15 rue Fran\u00e7ois Rabelais<br \/>\n33400 TALENCE<br \/>\nTel : 05.56.84.48.60<br \/>\nFax : 05.56.84.48.61<\/p>\n<p>E-mail address : hotel.de.guyenne@hotmail.fr<br \/>\nPage facebook : <a href=\"https:\/\/www.facebook.com\/Hotel-De-Guyenne-Lyc%C3%A9e-De-Gascogne-Bordeaux-Talence-155603884500408\/\" target=\"_blank\">CLIQUEZ ICI<\/a><\/p>\n","protected":false},"excerpt":{"rendered":"<p>H\u00f4tel de Guyenne 15 rue Fran\u00e7ois Rabelais 33400 TALENCE Tel : 05.56.84.48.60 Fax : 05.56.84.48.61 E-mail address : hotel.de.guyenne@hotmail.fr Page facebook : CLIQUEZ ICI<\/p>\n","protected":false},"author":2,"featured_media":0,"parent":0,"menu_order":0,"comment_status":"closed","ping_status":"closed","template":"contact.php","meta":{"_acf_changed":false,"_monsterinsights_skip_tracking":false,"_monsterinsights_sitenote_active":false,"_monsterinsights_sitenote_note":"","_monsterinsights_sitenote_category":0,"footnotes":""},"class_list":["post-343","page","type-page","status-publish","hentry"],"acf":[],"yoast_head":"<!-- This site is optimized with the Yoast SEO plugin v27.4 - https:\/\/yoast.com\/product\/yoast-seo-wordpress\/ -->\n<title>Contact us - Hotel de Guyenne \u00e0 Talence<\/title>\n<meta name=\"robots\" content=\"index, follow, max-snippet:-1, max-image-preview:large, max-video-preview:-1\" \/>\n<link rel=\"canonical\" href=\"https:\/\/www.hotel-de-guyenne.fr\/en\/343-2\/\" \/>\n<meta property=\"og:locale\" content=\"en_US\" \/>\n<meta property=\"og:type\" content=\"article\" \/>\n<meta property=\"og:title\" content=\"Contact us - Hotel de Guyenne \u00e0 Talence\" \/>\n<meta property=\"og:description\" content=\"H\u00f4tel de Guyenne 15 rue Fran\u00e7ois Rabelais 33400 TALENCE Tel : 05.56.84.48.60 Fax : 05.56.84.48.61 E-mail address : hotel.de.guyenne@hotmail.fr Page facebook : CLIQUEZ ICI\" \/>\n<meta property=\"og:url\" content=\"https:\/\/www.hotel-de-guyenne.fr\/en\/343-2\/\" \/>\n<meta property=\"og:site_name\" content=\"Hotel de Guyenne \u00e0 Talence\" \/>\n<meta property=\"article:modified_time\" content=\"2016-11-23T19:26:40+00:00\" \/>\n<meta name=\"twitter:card\" content=\"summary_large_image\" \/>\n<script type=\"application\/ld+json\" class=\"yoast-schema-graph\">{\"@context\":\"https:\\\/\\\/schema.org\",\"@graph\":[{\"@type\":\"WebPage\",\"@id\":\"https:\\\/\\\/www.hotel-de-guyenne.fr\\\/en\\\/343-2\\\/\",\"url\":\"https:\\\/\\\/www.hotel-de-guyenne.fr\\\/en\\\/343-2\\\/\",\"name\":\"Contact us - Hotel de Guyenne \u00e0 Talence\",\"isPartOf\":{\"@id\":\"https:\\\/\\\/www.hotel-de-guyenne.fr\\\/en\\\/#website\"},\"datePublished\":\"2016-11-23T08:30:24+00:00\",\"dateModified\":\"2016-11-23T19:26:40+00:00\",\"breadcrumb\":{\"@id\":\"https:\\\/\\\/www.hotel-de-guyenne.fr\\\/en\\\/343-2\\\/#breadcrumb\"},\"inLanguage\":\"en-US\",\"potentialAction\":[{\"@type\":\"ReadAction\",\"target\":[\"https:\\\/\\\/www.hotel-de-guyenne.fr\\\/en\\\/343-2\\\/\"]}]},{\"@type\":\"BreadcrumbList\",\"@id\":\"https:\\\/\\\/www.hotel-de-guyenne.fr\\\/en\\\/343-2\\\/#breadcrumb\",\"itemListElement\":[{\"@type\":\"ListItem\",\"position\":1,\"name\":\"Accueil\",\"item\":\"https:\\\/\\\/www.hotel-de-guyenne.fr\\\/en\\\/\"},{\"@type\":\"ListItem\",\"position\":2,\"name\":\"Contact us\"}]},{\"@type\":\"WebSite\",\"@id\":\"https:\\\/\\\/www.hotel-de-guyenne.fr\\\/en\\\/#website\",\"url\":\"https:\\\/\\\/www.hotel-de-guyenne.fr\\\/en\\\/\",\"name\":\"Hotel de Guyenne \u00e0 Talence\",\"description\":\"H\u00f4tel restaurant deux \u00e9toiles \u00e0 Talence\",\"publisher\":{\"@id\":\"https:\\\/\\\/www.hotel-de-guyenne.fr\\\/en\\\/#organization\"},\"potentialAction\":[{\"@type\":\"SearchAction\",\"target\":{\"@type\":\"EntryPoint\",\"urlTemplate\":\"https:\\\/\\\/www.hotel-de-guyenne.fr\\\/en\\\/?s={search_term_string}\"},\"query-input\":{\"@type\":\"PropertyValueSpecification\",\"valueRequired\":true,\"valueName\":\"search_term_string\"}}],\"inLanguage\":\"en-US\"},{\"@type\":\"Organization\",\"@id\":\"https:\\\/\\\/www.hotel-de-guyenne.fr\\\/en\\\/#organization\",\"name\":\"Lyc\u00e9e H\u00f4telier de Bordeaux Talence\",\"url\":\"https:\\\/\\\/www.hotel-de-guyenne.fr\\\/en\\\/\",\"logo\":{\"@type\":\"ImageObject\",\"inLanguage\":\"en-US\",\"@id\":\"https:\\\/\\\/www.hotel-de-guyenne.fr\\\/en\\\/#\\\/schema\\\/logo\\\/image\\\/\",\"url\":\"https:\\\/\\\/www.hotel-de-guyenne.fr\\\/wp-content\\\/uploads\\\/2016\\\/11\\\/logo-lycee-d-hotellerie-et-tourisme-de-gascogne-talence.jpg\",\"contentUrl\":\"https:\\\/\\\/www.hotel-de-guyenne.fr\\\/wp-content\\\/uploads\\\/2016\\\/11\\\/logo-lycee-d-hotellerie-et-tourisme-de-gascogne-talence.jpg\",\"width\":150,\"height\":84,\"caption\":\"Lyc\u00e9e H\u00f4telier de Bordeaux Talence\"},\"image\":{\"@id\":\"https:\\\/\\\/www.hotel-de-guyenne.fr\\\/en\\\/#\\\/schema\\\/logo\\\/image\\\/\"}}]}<\/script>\n<!-- \/ Yoast SEO plugin. -->","yoast_head_json":{"title":"Contact us - Hotel de Guyenne \u00e0 Talence","robots":{"index":"index","follow":"follow","max-snippet":"max-snippet:-1","max-image-preview":"max-image-preview:large","max-video-preview":"max-video-preview:-1"},"canonical":"https:\/\/www.hotel-de-guyenne.fr\/en\/343-2\/","og_locale":"en_US","og_type":"article","og_title":"Contact us - Hotel de Guyenne \u00e0 Talence","og_description":"H\u00f4tel de Guyenne 15 rue Fran\u00e7ois Rabelais 33400 TALENCE Tel : 05.56.84.48.60 Fax : 05.56.84.48.61 E-mail address : hotel.de.guyenne@hotmail.fr Page facebook : CLIQUEZ ICI","og_url":"https:\/\/www.hotel-de-guyenne.fr\/en\/343-2\/","og_site_name":"Hotel de Guyenne \u00e0 Talence","article_modified_time":"2016-11-23T19:26:40+00:00","twitter_card":"summary_large_image","schema":{"@context":"https:\/\/schema.org","@graph":[{"@type":"WebPage","@id":"https:\/\/www.hotel-de-guyenne.fr\/en\/343-2\/","url":"https:\/\/www.hotel-de-guyenne.fr\/en\/343-2\/","name":"Contact us - Hotel de Guyenne \u00e0 Talence","isPartOf":{"@id":"https:\/\/www.hotel-de-guyenne.fr\/en\/#website"},"datePublished":"2016-11-23T08:30:24+00:00","dateModified":"2016-11-23T19:26:40+00:00","breadcrumb":{"@id":"https:\/\/www.hotel-de-guyenne.fr\/en\/343-2\/#breadcrumb"},"inLanguage":"en-US","potentialAction":[{"@type":"ReadAction","target":["https:\/\/www.hotel-de-guyenne.fr\/en\/343-2\/"]}]},{"@type":"BreadcrumbList","@id":"https:\/\/www.hotel-de-guyenne.fr\/en\/343-2\/#breadcrumb","itemListElement":[{"@type":"ListItem","position":1,"name":"Accueil","item":"https:\/\/www.hotel-de-guyenne.fr\/en\/"},{"@type":"ListItem","position":2,"name":"Contact us"}]},{"@type":"WebSite","@id":"https:\/\/www.hotel-de-guyenne.fr\/en\/#website","url":"https:\/\/www.hotel-de-guyenne.fr\/en\/","name":"Hotel de Guyenne \u00e0 Talence","description":"H\u00f4tel restaurant deux \u00e9toiles \u00e0 Talence","publisher":{"@id":"https:\/\/www.hotel-de-guyenne.fr\/en\/#organization"},"potentialAction":[{"@type":"SearchAction","target":{"@type":"EntryPoint","urlTemplate":"https:\/\/www.hotel-de-guyenne.fr\/en\/?s={search_term_string}"},"query-input":{"@type":"PropertyValueSpecification","valueRequired":true,"valueName":"search_term_string"}}],"inLanguage":"en-US"},{"@type":"Organization","@id":"https:\/\/www.hotel-de-guyenne.fr\/en\/#organization","name":"Lyc\u00e9e H\u00f4telier de Bordeaux Talence","url":"https:\/\/www.hotel-de-guyenne.fr\/en\/","logo":{"@type":"ImageObject","inLanguage":"en-US","@id":"https:\/\/www.hotel-de-guyenne.fr\/en\/#\/schema\/logo\/image\/","url":"https:\/\/www.hotel-de-guyenne.fr\/wp-content\/uploads\/2016\/11\/logo-lycee-d-hotellerie-et-tourisme-de-gascogne-talence.jpg","contentUrl":"https:\/\/www.hotel-de-guyenne.fr\/wp-content\/uploads\/2016\/11\/logo-lycee-d-hotellerie-et-tourisme-de-gascogne-talence.jpg","width":150,"height":84,"caption":"Lyc\u00e9e H\u00f4telier de Bordeaux Talence"},"image":{"@id":"https:\/\/www.hotel-de-guyenne.fr\/en\/#\/schema\/logo\/image\/"}}]}},"_links":{"self":[{"href":"https:\/\/www.hotel-de-guyenne.fr\/en\/wp-json\/wp\/v2\/pages\/343","targetHints":{"allow":["GET"]}}],"collection":[{"href":"https:\/\/www.hotel-de-guyenne.fr\/en\/wp-json\/wp\/v2\/pages"}],"about":[{"href":"https:\/\/www.hotel-de-guyenne.fr\/en\/wp-json\/wp\/v2\/types\/page"}],"author":[{"embeddable":true,"href":"https:\/\/www.hotel-de-guyenne.fr\/en\/wp-json\/wp\/v2\/users\/2"}],"replies":[{"embeddable":true,"href":"https:\/\/www.hotel-de-guyenne.fr\/en\/wp-json\/wp\/v2\/comments?post=343"}],"version-history":[{"count":4,"href":"https:\/\/www.hotel-de-guyenne.fr\/en\/wp-json\/wp\/v2\/pages\/343\/revisions"}],"predecessor-version":[{"id":454,"href":"https:\/\/www.hotel-de-guyenne.fr\/en\/wp-json\/wp\/v2\/pages\/343\/revisions\/454"}],"wp:attachment":[{"href":"https:\/\/www.hotel-de-guyenne.fr\/en\/wp-json\/wp\/v2\/media?parent=343"}],"curies":[{"name":"wp","href":"https:\/\/api.w.org\/{rel}","templated":true}]}}