{"id":404,"date":"2016-11-23T18:28:24","date_gmt":"2016-11-23T17:28:24","guid":{"rendered":"http:\/\/de2442.ispfr.net\/_hotelguyenne\/en\/?page_id=404"},"modified":"2016-11-24T12:09:53","modified_gmt":"2016-11-24T11:09:53","slug":"meeting-rooms","status":"publish","type":"page","link":"https:\/\/www.hotel-de-guyenne.fr\/en\/meeting-rooms\/","title":{"rendered":"Meeting rooms"},"content":{"rendered":"<p>The hotel de Guyenne offers 3 rooms \u00a0with free WIFI access, natural light, for meetings, seminars or training sessions :<\/p>\n<ul>\n<li>&#8220;Gounot&#8221; room : equiped with video projector, sound system, digital board and paperboard. This room can accomodate 30 persons in U-style or classroom and 50 persons in theatre.<\/li>\n<li>&#8220;St Emilion&#8221; room : equiped with\u00a0video projector, screen and paperboard.\u00a0This room can accomodate 10 persons in U-style.<\/li>\n<li>&#8220;Medoc&#8221; room :\u00a0equiped with\u00a0video projector, screen and paperboard.\u00a0This room can accomodate 10 persons in classroom.<\/li>\n<\/ul>\n<p>&nbsp;<\/p>\n<p>Rooms can be reserved for half or full day (from 80 \u20ac to 200 \u20ac). An all inclusive rate is also available including room, lunch and coffee breaks (from 33 \u20ac per person).<\/p>\n<p>&nbsp;<\/p>\n<p><img loading=\"lazy\" decoding=\"async\" class=\"wp-image-260 size-imagefooter aligncenter\" src=\"https:\/\/www.hotel-de-guyenne.fr\/wp-content\/uploads\/2016\/11\/H\u00f4tel-de-Guyenne-salle-de-s\u00e9minaire-500x350.jpg\" alt=\"h\u00f4tel de Guyenne salle de s\u00e9minaires lumi\u00e8re naturelle\" width=\"500\" height=\"350\" \/><\/p>\n","protected":false},"excerpt":{"rendered":"<p>The hotel de Guyenne offers 3 rooms \u00a0with free WIFI access, natural light, for meetings, seminars or training sessions : &#8220;Gounot&#8221; room : equiped with video projector, sound system, digital board and paperboard. This room can accomodate 30 persons in U-style or classroom and 50 persons in theatre. &#8220;St Emilion&#8221; room : equiped with\u00a0video projector, [&hellip;]<\/p>\n","protected":false},"author":2,"featured_media":0,"parent":0,"menu_order":0,"comment_status":"closed","ping_status":"closed","template":"","meta":{"_acf_changed":false,"_monsterinsights_skip_tracking":false,"_monsterinsights_sitenote_active":false,"_monsterinsights_sitenote_note":"","_monsterinsights_sitenote_category":0,"footnotes":""},"class_list":["post-404","page","type-page","status-publish","hentry"],"acf":[],"yoast_head":"<!-- This site is optimized with the Yoast SEO plugin v27.4 - https:\/\/yoast.com\/product\/yoast-seo-wordpress\/ -->\n<title>Meeting rooms - Hotel de Guyenne \u00e0 Talence<\/title>\n<meta name=\"robots\" content=\"index, follow, max-snippet:-1, max-image-preview:large, max-video-preview:-1\" \/>\n<link rel=\"canonical\" href=\"https:\/\/www.hotel-de-guyenne.fr\/en\/meeting-rooms\/\" \/>\n<meta property=\"og:locale\" content=\"en_US\" \/>\n<meta property=\"og:type\" content=\"article\" \/>\n<meta property=\"og:title\" content=\"Meeting rooms - Hotel de Guyenne \u00e0 Talence\" \/>\n<meta property=\"og:description\" content=\"The hotel de Guyenne offers 3 rooms \u00a0with free WIFI access, natural light, for meetings, seminars or training sessions : &#8220;Gounot&#8221; room : equiped with video projector, sound system, digital board and paperboard. This room can accomodate 30 persons in U-style or classroom and 50 persons in theatre. &#8220;St Emilion&#8221; room : equiped with\u00a0video projector, [&hellip;]\" \/>\n<meta property=\"og:url\" content=\"https:\/\/www.hotel-de-guyenne.fr\/en\/meeting-rooms\/\" \/>\n<meta property=\"og:site_name\" content=\"Hotel de Guyenne \u00e0 Talence\" \/>\n<meta property=\"article:modified_time\" content=\"2016-11-24T11:09:53+00:00\" \/>\n<meta property=\"og:image\" content=\"https:\/\/www.hotel-de-guyenne.fr\/wp-content\/uploads\/2016\/11\/H\u00f4tel-de-Guyenne-salle-de-s\u00e9minaire-500x350.jpg\" \/>\n<meta name=\"twitter:card\" content=\"summary_large_image\" \/>\n<meta name=\"twitter:label1\" content=\"Est. reading time\" \/>\n\t<meta name=\"twitter:data1\" content=\"1 minute\" \/>\n<script type=\"application\/ld+json\" class=\"yoast-schema-graph\">{\"@context\":\"https:\\\/\\\/schema.org\",\"@graph\":[{\"@type\":\"WebPage\",\"@id\":\"https:\\\/\\\/www.hotel-de-guyenne.fr\\\/en\\\/meeting-rooms\\\/\",\"url\":\"https:\\\/\\\/www.hotel-de-guyenne.fr\\\/en\\\/meeting-rooms\\\/\",\"name\":\"Meeting rooms - Hotel de Guyenne \u00e0 Talence\",\"isPartOf\":{\"@id\":\"https:\\\/\\\/www.hotel-de-guyenne.fr\\\/en\\\/#website\"},\"datePublished\":\"2016-11-23T17:28:24+00:00\",\"dateModified\":\"2016-11-24T11:09:53+00:00\",\"breadcrumb\":{\"@id\":\"https:\\\/\\\/www.hotel-de-guyenne.fr\\\/en\\\/meeting-rooms\\\/#breadcrumb\"},\"inLanguage\":\"en-US\",\"potentialAction\":[{\"@type\":\"ReadAction\",\"target\":[\"https:\\\/\\\/www.hotel-de-guyenne.fr\\\/en\\\/meeting-rooms\\\/\"]}]},{\"@type\":\"BreadcrumbList\",\"@id\":\"https:\\\/\\\/www.hotel-de-guyenne.fr\\\/en\\\/meeting-rooms\\\/#breadcrumb\",\"itemListElement\":[{\"@type\":\"ListItem\",\"position\":1,\"name\":\"Accueil\",\"item\":\"https:\\\/\\\/www.hotel-de-guyenne.fr\\\/en\\\/\"},{\"@type\":\"ListItem\",\"position\":2,\"name\":\"Meeting rooms\"}]},{\"@type\":\"WebSite\",\"@id\":\"https:\\\/\\\/www.hotel-de-guyenne.fr\\\/en\\\/#website\",\"url\":\"https:\\\/\\\/www.hotel-de-guyenne.fr\\\/en\\\/\",\"name\":\"Hotel de Guyenne \u00e0 Talence\",\"description\":\"H\u00f4tel restaurant deux \u00e9toiles \u00e0 Talence\",\"publisher\":{\"@id\":\"https:\\\/\\\/www.hotel-de-guyenne.fr\\\/en\\\/#organization\"},\"potentialAction\":[{\"@type\":\"SearchAction\",\"target\":{\"@type\":\"EntryPoint\",\"urlTemplate\":\"https:\\\/\\\/www.hotel-de-guyenne.fr\\\/en\\\/?s={search_term_string}\"},\"query-input\":{\"@type\":\"PropertyValueSpecification\",\"valueRequired\":true,\"valueName\":\"search_term_string\"}}],\"inLanguage\":\"en-US\"},{\"@type\":\"Organization\",\"@id\":\"https:\\\/\\\/www.hotel-de-guyenne.fr\\\/en\\\/#organization\",\"name\":\"Lyc\u00e9e H\u00f4telier de Bordeaux Talence\",\"url\":\"https:\\\/\\\/www.hotel-de-guyenne.fr\\\/en\\\/\",\"logo\":{\"@type\":\"ImageObject\",\"inLanguage\":\"en-US\",\"@id\":\"https:\\\/\\\/www.hotel-de-guyenne.fr\\\/en\\\/#\\\/schema\\\/logo\\\/image\\\/\",\"url\":\"https:\\\/\\\/www.hotel-de-guyenne.fr\\\/wp-content\\\/uploads\\\/2016\\\/11\\\/logo-lycee-d-hotellerie-et-tourisme-de-gascogne-talence.jpg\",\"contentUrl\":\"https:\\\/\\\/www.hotel-de-guyenne.fr\\\/wp-content\\\/uploads\\\/2016\\\/11\\\/logo-lycee-d-hotellerie-et-tourisme-de-gascogne-talence.jpg\",\"width\":150,\"height\":84,\"caption\":\"Lyc\u00e9e H\u00f4telier de Bordeaux Talence\"},\"image\":{\"@id\":\"https:\\\/\\\/www.hotel-de-guyenne.fr\\\/en\\\/#\\\/schema\\\/logo\\\/image\\\/\"}}]}<\/script>\n<!-- \/ Yoast SEO plugin. -->","yoast_head_json":{"title":"Meeting rooms - Hotel de Guyenne \u00e0 Talence","robots":{"index":"index","follow":"follow","max-snippet":"max-snippet:-1","max-image-preview":"max-image-preview:large","max-video-preview":"max-video-preview:-1"},"canonical":"https:\/\/www.hotel-de-guyenne.fr\/en\/meeting-rooms\/","og_locale":"en_US","og_type":"article","og_title":"Meeting rooms - Hotel de Guyenne \u00e0 Talence","og_description":"The hotel de Guyenne offers 3 rooms \u00a0with free WIFI access, natural light, for meetings, seminars or training sessions : &#8220;Gounot&#8221; room : equiped with video projector, sound system, digital board and paperboard. This room can accomodate 30 persons in U-style or classroom and 50 persons in theatre. &#8220;St Emilion&#8221; room : equiped with\u00a0video projector, [&hellip;]","og_url":"https:\/\/www.hotel-de-guyenne.fr\/en\/meeting-rooms\/","og_site_name":"Hotel de Guyenne \u00e0 Talence","article_modified_time":"2016-11-24T11:09:53+00:00","og_image":[{"url":"https:\/\/www.hotel-de-guyenne.fr\/wp-content\/uploads\/2016\/11\/H\u00f4tel-de-Guyenne-salle-de-s\u00e9minaire-500x350.jpg","type":"","width":"","height":""}],"twitter_card":"summary_large_image","twitter_misc":{"Est. reading time":"1 minute"},"schema":{"@context":"https:\/\/schema.org","@graph":[{"@type":"WebPage","@id":"https:\/\/www.hotel-de-guyenne.fr\/en\/meeting-rooms\/","url":"https:\/\/www.hotel-de-guyenne.fr\/en\/meeting-rooms\/","name":"Meeting rooms - Hotel de Guyenne \u00e0 Talence","isPartOf":{"@id":"https:\/\/www.hotel-de-guyenne.fr\/en\/#website"},"datePublished":"2016-11-23T17:28:24+00:00","dateModified":"2016-11-24T11:09:53+00:00","breadcrumb":{"@id":"https:\/\/www.hotel-de-guyenne.fr\/en\/meeting-rooms\/#breadcrumb"},"inLanguage":"en-US","potentialAction":[{"@type":"ReadAction","target":["https:\/\/www.hotel-de-guyenne.fr\/en\/meeting-rooms\/"]}]},{"@type":"BreadcrumbList","@id":"https:\/\/www.hotel-de-guyenne.fr\/en\/meeting-rooms\/#breadcrumb","itemListElement":[{"@type":"ListItem","position":1,"name":"Accueil","item":"https:\/\/www.hotel-de-guyenne.fr\/en\/"},{"@type":"ListItem","position":2,"name":"Meeting rooms"}]},{"@type":"WebSite","@id":"https:\/\/www.hotel-de-guyenne.fr\/en\/#website","url":"https:\/\/www.hotel-de-guyenne.fr\/en\/","name":"Hotel de Guyenne \u00e0 Talence","description":"H\u00f4tel restaurant deux \u00e9toiles \u00e0 Talence","publisher":{"@id":"https:\/\/www.hotel-de-guyenne.fr\/en\/#organization"},"potentialAction":[{"@type":"SearchAction","target":{"@type":"EntryPoint","urlTemplate":"https:\/\/www.hotel-de-guyenne.fr\/en\/?s={search_term_string}"},"query-input":{"@type":"PropertyValueSpecification","valueRequired":true,"valueName":"search_term_string"}}],"inLanguage":"en-US"},{"@type":"Organization","@id":"https:\/\/www.hotel-de-guyenne.fr\/en\/#organization","name":"Lyc\u00e9e H\u00f4telier de Bordeaux Talence","url":"https:\/\/www.hotel-de-guyenne.fr\/en\/","logo":{"@type":"ImageObject","inLanguage":"en-US","@id":"https:\/\/www.hotel-de-guyenne.fr\/en\/#\/schema\/logo\/image\/","url":"https:\/\/www.hotel-de-guyenne.fr\/wp-content\/uploads\/2016\/11\/logo-lycee-d-hotellerie-et-tourisme-de-gascogne-talence.jpg","contentUrl":"https:\/\/www.hotel-de-guyenne.fr\/wp-content\/uploads\/2016\/11\/logo-lycee-d-hotellerie-et-tourisme-de-gascogne-talence.jpg","width":150,"height":84,"caption":"Lyc\u00e9e H\u00f4telier de Bordeaux Talence"},"image":{"@id":"https:\/\/www.hotel-de-guyenne.fr\/en\/#\/schema\/logo\/image\/"}}]}},"_links":{"self":[{"href":"https:\/\/www.hotel-de-guyenne.fr\/en\/wp-json\/wp\/v2\/pages\/404","targetHints":{"allow":["GET"]}}],"collection":[{"href":"https:\/\/www.hotel-de-guyenne.fr\/en\/wp-json\/wp\/v2\/pages"}],"about":[{"href":"https:\/\/www.hotel-de-guyenne.fr\/en\/wp-json\/wp\/v2\/types\/page"}],"author":[{"embeddable":true,"href":"https:\/\/www.hotel-de-guyenne.fr\/en\/wp-json\/wp\/v2\/users\/2"}],"replies":[{"embeddable":true,"href":"https:\/\/www.hotel-de-guyenne.fr\/en\/wp-json\/wp\/v2\/comments?post=404"}],"version-history":[{"count":12,"href":"https:\/\/www.hotel-de-guyenne.fr\/en\/wp-json\/wp\/v2\/pages\/404\/revisions"}],"predecessor-version":[{"id":500,"href":"https:\/\/www.hotel-de-guyenne.fr\/en\/wp-json\/wp\/v2\/pages\/404\/revisions\/500"}],"wp:attachment":[{"href":"https:\/\/www.hotel-de-guyenne.fr\/en\/wp-json\/wp\/v2\/media?parent=404"}],"curies":[{"name":"wp","href":"https:\/\/api.w.org\/{rel}","templated":true}]}}