{"id":425,"date":"2016-11-23T19:14:55","date_gmt":"2016-11-23T18:14:55","guid":{"rendered":"http:\/\/de2442.ispfr.net\/_hotelguyenne\/en\/?page_id=425"},"modified":"2016-11-23T21:32:40","modified_gmt":"2016-11-23T20:32:40","slug":"rates","status":"publish","type":"page","link":"https:\/\/www.hotel-de-guyenne.fr\/en\/rates\/","title":{"rendered":"Rates"},"content":{"rendered":"<hr \/>\n<p><strong>RATES \u00a02016 \u2013 2017 :<\/strong><\/p>\n<p><strong>\u00a0<\/strong><\/p>\n<table>\n<tbody>\n<tr>\n<td width=\"217\"><strong><u>Rooms only :<\/u><\/strong><\/td>\n<td width=\"170\"><\/td>\n<td width=\"132\">Per night<\/td>\n<td width=\"170\">Per night after first 2 consecutive nights<\/td>\n<\/tr>\n<tr>\n<td rowspan=\"2\" width=\"217\">Standard rooms<\/p>\n<p>(double bed or twin beds)<\/td>\n<td width=\"170\">1 person<\/td>\n<td width=\"132\">52 \u20ac<\/td>\n<td width=\"170\">47 \u20ac<\/td>\n<\/tr>\n<tr>\n<td width=\"170\">2 persons<\/td>\n<td width=\"132\">58 \u20ac<\/td>\n<td width=\"170\">53 \u20ac<\/td>\n<\/tr>\n<tr>\n<td rowspan=\"2\" width=\"217\">Suites or family suites<\/p>\n<p>&nbsp;<\/td>\n<td width=\"170\">1 person<\/td>\n<td rowspan=\"2\" width=\"132\">70 \u20ac<\/td>\n<td rowspan=\"2\" width=\"170\"><\/td>\n<\/tr>\n<tr>\n<td width=\"170\">2 persons (up to 4 in family suites)<\/td>\n<\/tr>\n<\/tbody>\n<\/table>\n<p><strong><u><br \/>\nBreakfast<\/u> :<\/strong><\/p>\n<table>\n<tbody>\n<tr>\n<td width=\"198\">Buffet<\/td>\n<td width=\"491\">8 \u20ac \/ person<\/td>\n<\/tr>\n<\/tbody>\n<\/table>\n<p><strong><u><br \/>\nAll inclusive rate in standard room :<\/u><\/strong><\/p>\n<table style=\"height: 165px;\" width=\"786\">\n<tbody>\n<tr>\n<td width=\"491\">Dinner (first course + main course or main course + dessert drinks not included), night and breakfast<\/td>\n<\/tr>\n<tr>\n<td width=\"491\">1 person \u00a0 \u00a065 \u20ac<\/td>\n<\/tr>\n<tr>\n<td width=\"491\">2 persons \u00a089 \u20ac<\/td>\n<\/tr>\n<\/tbody>\n<\/table>\n<p><strong><u><br \/>\nMeeting rooms:<\/u><\/strong><\/p>\n<table style=\"height: 221px;\" width=\"889\">\n<tbody>\n<tr>\n<td width=\"180\">Room rental only :<\/td>\n<td width=\"265\">Salon Gounot<\/p>\n<p>(max 30 persons in U-style or classroom and max 50 persons in theatre)<\/td>\n<td width=\"246\">Salons M\u00e9doc &amp; St Emilion<\/p>\n<p>(max 10 persons in U-style or classroom)<\/td>\n<\/tr>\n<tr>\n<td width=\"180\">Full day<\/td>\n<td width=\"265\">200 \u20ac<\/td>\n<td width=\"246\">80 \u20ac<\/td>\n<\/tr>\n<tr>\n<td width=\"180\">Half day<\/td>\n<td width=\"265\">100 \u20ac<\/td>\n<td width=\"246\">40 \u20ac<\/td>\n<\/tr>\n<\/tbody>\n<\/table>\n<p>All \u00a0inclusive \u00a0rate \u00a0including \u00a0room, \u00a0lunch and coffee breaks :<\/p>\n<table style=\"height: 135px;\" width=\"797\">\n<tbody>\n<tr>\n<td width=\"302\">Full day \u00a0(lunch + 2 coffee breaks + room) \u00a0from 39 \u20ac to 45 \u20ac \/ person according to the menu selected<\/td>\n<\/tr>\n<tr>\n<td width=\"302\">Half day \u00a0(lunch + 1 coffee break + room)\u00a0from 33 \u20ac to 39 \u20ac \/ person according to the menu selected<\/td>\n<\/tr>\n<\/tbody>\n<\/table>\n<p>&nbsp;<\/p>\n<p><strong><u>Lunch \/ Dinner\u00a0<\/u><\/strong>:<\/p>\n<table style=\"height: 169px;\" width=\"946\">\n<tbody>\n<tr>\n<td rowspan=\"2\" width=\"274\">Lunch , all inclusive menus<\/td>\n<td width=\"416\">17 \u20ac (first course + main course or main course + dessert, 1 drink and 1 coffee)<\/td>\n<\/tr>\n<tr>\n<td width=\"416\">22 \u20ac (first course + main course + dessert, 1 drink and 1 coffee)<\/td>\n<\/tr>\n<tr>\n<td rowspan=\"2\" width=\"274\">Dinner, gastronomic menus without drink<\/td>\n<td width=\"416\">22 \u20ac (first course + main course : fish or meat \u00a0+ dessert)<\/td>\n<\/tr>\n<tr>\n<td width=\"416\">28 \u20ac (first course + 2 main courses : fish and meat \u00a0+ dessert)<\/td>\n<\/tr>\n<\/tbody>\n<\/table>\n","protected":false},"excerpt":{"rendered":"<p>RATES \u00a02016 \u2013 2017 : \u00a0 Rooms only : Per night Per night after first 2 consecutive nights Standard rooms (double bed or twin beds) 1 person 52 \u20ac 47 \u20ac 2 persons 58 \u20ac 53 \u20ac Suites or family suites &nbsp; 1 person 70 \u20ac 2 persons (up to 4 in family suites) Breakfast [&hellip;]<\/p>\n","protected":false},"author":2,"featured_media":0,"parent":0,"menu_order":0,"comment_status":"closed","ping_status":"closed","template":"","meta":{"_acf_changed":false,"_monsterinsights_skip_tracking":false,"_monsterinsights_sitenote_active":false,"_monsterinsights_sitenote_note":"","_monsterinsights_sitenote_category":0,"footnotes":""},"class_list":["post-425","page","type-page","status-publish","hentry"],"acf":[],"yoast_head":"<!-- This site is optimized with the Yoast SEO plugin v27.4 - https:\/\/yoast.com\/product\/yoast-seo-wordpress\/ -->\n<title>Rates - Hotel de Guyenne \u00e0 Talence<\/title>\n<meta name=\"robots\" content=\"index, follow, max-snippet:-1, max-image-preview:large, max-video-preview:-1\" \/>\n<link rel=\"canonical\" href=\"https:\/\/www.hotel-de-guyenne.fr\/en\/rates\/\" \/>\n<meta property=\"og:locale\" content=\"en_US\" \/>\n<meta property=\"og:type\" content=\"article\" \/>\n<meta property=\"og:title\" content=\"Rates - Hotel de Guyenne \u00e0 Talence\" \/>\n<meta property=\"og:description\" content=\"RATES \u00a02016 \u2013 2017 : \u00a0 Rooms only : Per night Per night after first 2 consecutive nights Standard rooms (double bed or twin beds) 1 person 52 \u20ac 47 \u20ac 2 persons 58 \u20ac 53 \u20ac Suites or family suites &nbsp; 1 person 70 \u20ac 2 persons (up to 4 in family suites) Breakfast [&hellip;]\" \/>\n<meta property=\"og:url\" content=\"https:\/\/www.hotel-de-guyenne.fr\/en\/rates\/\" \/>\n<meta property=\"og:site_name\" content=\"Hotel de Guyenne \u00e0 Talence\" \/>\n<meta property=\"article:modified_time\" content=\"2016-11-23T20:32:40+00:00\" \/>\n<meta name=\"twitter:card\" content=\"summary_large_image\" \/>\n<meta name=\"twitter:label1\" content=\"Est. reading time\" \/>\n\t<meta name=\"twitter:data1\" content=\"1 minute\" \/>\n<script type=\"application\/ld+json\" class=\"yoast-schema-graph\">{\"@context\":\"https:\\\/\\\/schema.org\",\"@graph\":[{\"@type\":\"WebPage\",\"@id\":\"https:\\\/\\\/www.hotel-de-guyenne.fr\\\/en\\\/rates\\\/\",\"url\":\"https:\\\/\\\/www.hotel-de-guyenne.fr\\\/en\\\/rates\\\/\",\"name\":\"Rates - Hotel de Guyenne \u00e0 Talence\",\"isPartOf\":{\"@id\":\"https:\\\/\\\/www.hotel-de-guyenne.fr\\\/en\\\/#website\"},\"datePublished\":\"2016-11-23T18:14:55+00:00\",\"dateModified\":\"2016-11-23T20:32:40+00:00\",\"breadcrumb\":{\"@id\":\"https:\\\/\\\/www.hotel-de-guyenne.fr\\\/en\\\/rates\\\/#breadcrumb\"},\"inLanguage\":\"en-US\",\"potentialAction\":[{\"@type\":\"ReadAction\",\"target\":[\"https:\\\/\\\/www.hotel-de-guyenne.fr\\\/en\\\/rates\\\/\"]}]},{\"@type\":\"BreadcrumbList\",\"@id\":\"https:\\\/\\\/www.hotel-de-guyenne.fr\\\/en\\\/rates\\\/#breadcrumb\",\"itemListElement\":[{\"@type\":\"ListItem\",\"position\":1,\"name\":\"Accueil\",\"item\":\"https:\\\/\\\/www.hotel-de-guyenne.fr\\\/en\\\/\"},{\"@type\":\"ListItem\",\"position\":2,\"name\":\"Rates\"}]},{\"@type\":\"WebSite\",\"@id\":\"https:\\\/\\\/www.hotel-de-guyenne.fr\\\/en\\\/#website\",\"url\":\"https:\\\/\\\/www.hotel-de-guyenne.fr\\\/en\\\/\",\"name\":\"Hotel de Guyenne \u00e0 Talence\",\"description\":\"H\u00f4tel restaurant deux \u00e9toiles \u00e0 Talence\",\"publisher\":{\"@id\":\"https:\\\/\\\/www.hotel-de-guyenne.fr\\\/en\\\/#organization\"},\"potentialAction\":[{\"@type\":\"SearchAction\",\"target\":{\"@type\":\"EntryPoint\",\"urlTemplate\":\"https:\\\/\\\/www.hotel-de-guyenne.fr\\\/en\\\/?s={search_term_string}\"},\"query-input\":{\"@type\":\"PropertyValueSpecification\",\"valueRequired\":true,\"valueName\":\"search_term_string\"}}],\"inLanguage\":\"en-US\"},{\"@type\":\"Organization\",\"@id\":\"https:\\\/\\\/www.hotel-de-guyenne.fr\\\/en\\\/#organization\",\"name\":\"Lyc\u00e9e H\u00f4telier de Bordeaux Talence\",\"url\":\"https:\\\/\\\/www.hotel-de-guyenne.fr\\\/en\\\/\",\"logo\":{\"@type\":\"ImageObject\",\"inLanguage\":\"en-US\",\"@id\":\"https:\\\/\\\/www.hotel-de-guyenne.fr\\\/en\\\/#\\\/schema\\\/logo\\\/image\\\/\",\"url\":\"https:\\\/\\\/www.hotel-de-guyenne.fr\\\/wp-content\\\/uploads\\\/2016\\\/11\\\/logo-lycee-d-hotellerie-et-tourisme-de-gascogne-talence.jpg\",\"contentUrl\":\"https:\\\/\\\/www.hotel-de-guyenne.fr\\\/wp-content\\\/uploads\\\/2016\\\/11\\\/logo-lycee-d-hotellerie-et-tourisme-de-gascogne-talence.jpg\",\"width\":150,\"height\":84,\"caption\":\"Lyc\u00e9e H\u00f4telier de Bordeaux Talence\"},\"image\":{\"@id\":\"https:\\\/\\\/www.hotel-de-guyenne.fr\\\/en\\\/#\\\/schema\\\/logo\\\/image\\\/\"}}]}<\/script>\n<!-- \/ Yoast SEO plugin. -->","yoast_head_json":{"title":"Rates - Hotel de Guyenne \u00e0 Talence","robots":{"index":"index","follow":"follow","max-snippet":"max-snippet:-1","max-image-preview":"max-image-preview:large","max-video-preview":"max-video-preview:-1"},"canonical":"https:\/\/www.hotel-de-guyenne.fr\/en\/rates\/","og_locale":"en_US","og_type":"article","og_title":"Rates - Hotel de Guyenne \u00e0 Talence","og_description":"RATES \u00a02016 \u2013 2017 : \u00a0 Rooms only : Per night Per night after first 2 consecutive nights Standard rooms (double bed or twin beds) 1 person 52 \u20ac 47 \u20ac 2 persons 58 \u20ac 53 \u20ac Suites or family suites &nbsp; 1 person 70 \u20ac 2 persons (up to 4 in family suites) Breakfast [&hellip;]","og_url":"https:\/\/www.hotel-de-guyenne.fr\/en\/rates\/","og_site_name":"Hotel de Guyenne \u00e0 Talence","article_modified_time":"2016-11-23T20:32:40+00:00","twitter_card":"summary_large_image","twitter_misc":{"Est. reading time":"1 minute"},"schema":{"@context":"https:\/\/schema.org","@graph":[{"@type":"WebPage","@id":"https:\/\/www.hotel-de-guyenne.fr\/en\/rates\/","url":"https:\/\/www.hotel-de-guyenne.fr\/en\/rates\/","name":"Rates - Hotel de Guyenne \u00e0 Talence","isPartOf":{"@id":"https:\/\/www.hotel-de-guyenne.fr\/en\/#website"},"datePublished":"2016-11-23T18:14:55+00:00","dateModified":"2016-11-23T20:32:40+00:00","breadcrumb":{"@id":"https:\/\/www.hotel-de-guyenne.fr\/en\/rates\/#breadcrumb"},"inLanguage":"en-US","potentialAction":[{"@type":"ReadAction","target":["https:\/\/www.hotel-de-guyenne.fr\/en\/rates\/"]}]},{"@type":"BreadcrumbList","@id":"https:\/\/www.hotel-de-guyenne.fr\/en\/rates\/#breadcrumb","itemListElement":[{"@type":"ListItem","position":1,"name":"Accueil","item":"https:\/\/www.hotel-de-guyenne.fr\/en\/"},{"@type":"ListItem","position":2,"name":"Rates"}]},{"@type":"WebSite","@id":"https:\/\/www.hotel-de-guyenne.fr\/en\/#website","url":"https:\/\/www.hotel-de-guyenne.fr\/en\/","name":"Hotel de Guyenne \u00e0 Talence","description":"H\u00f4tel restaurant deux \u00e9toiles \u00e0 Talence","publisher":{"@id":"https:\/\/www.hotel-de-guyenne.fr\/en\/#organization"},"potentialAction":[{"@type":"SearchAction","target":{"@type":"EntryPoint","urlTemplate":"https:\/\/www.hotel-de-guyenne.fr\/en\/?s={search_term_string}"},"query-input":{"@type":"PropertyValueSpecification","valueRequired":true,"valueName":"search_term_string"}}],"inLanguage":"en-US"},{"@type":"Organization","@id":"https:\/\/www.hotel-de-guyenne.fr\/en\/#organization","name":"Lyc\u00e9e H\u00f4telier de Bordeaux Talence","url":"https:\/\/www.hotel-de-guyenne.fr\/en\/","logo":{"@type":"ImageObject","inLanguage":"en-US","@id":"https:\/\/www.hotel-de-guyenne.fr\/en\/#\/schema\/logo\/image\/","url":"https:\/\/www.hotel-de-guyenne.fr\/wp-content\/uploads\/2016\/11\/logo-lycee-d-hotellerie-et-tourisme-de-gascogne-talence.jpg","contentUrl":"https:\/\/www.hotel-de-guyenne.fr\/wp-content\/uploads\/2016\/11\/logo-lycee-d-hotellerie-et-tourisme-de-gascogne-talence.jpg","width":150,"height":84,"caption":"Lyc\u00e9e H\u00f4telier de Bordeaux Talence"},"image":{"@id":"https:\/\/www.hotel-de-guyenne.fr\/en\/#\/schema\/logo\/image\/"}}]}},"_links":{"self":[{"href":"https:\/\/www.hotel-de-guyenne.fr\/en\/wp-json\/wp\/v2\/pages\/425","targetHints":{"allow":["GET"]}}],"collection":[{"href":"https:\/\/www.hotel-de-guyenne.fr\/en\/wp-json\/wp\/v2\/pages"}],"about":[{"href":"https:\/\/www.hotel-de-guyenne.fr\/en\/wp-json\/wp\/v2\/types\/page"}],"author":[{"embeddable":true,"href":"https:\/\/www.hotel-de-guyenne.fr\/en\/wp-json\/wp\/v2\/users\/2"}],"replies":[{"embeddable":true,"href":"https:\/\/www.hotel-de-guyenne.fr\/en\/wp-json\/wp\/v2\/comments?post=425"}],"version-history":[{"count":13,"href":"https:\/\/www.hotel-de-guyenne.fr\/en\/wp-json\/wp\/v2\/pages\/425\/revisions"}],"predecessor-version":[{"id":471,"href":"https:\/\/www.hotel-de-guyenne.fr\/en\/wp-json\/wp\/v2\/pages\/425\/revisions\/471"}],"wp:attachment":[{"href":"https:\/\/www.hotel-de-guyenne.fr\/en\/wp-json\/wp\/v2\/media?parent=425"}],"curies":[{"name":"wp","href":"https:\/\/api.w.org\/{rel}","templated":true}]}}