{"id":456,"date":"2016-11-23T20:28:48","date_gmt":"2016-11-23T19:28:48","guid":{"rendered":"http:\/\/de2442.ispfr.net\/_hotelguyenne\/en\/?page_id=456"},"modified":"2017-02-17T15:48:53","modified_gmt":"2017-02-17T14:48:53","slug":"access-tourism","status":"publish","type":"page","link":"https:\/\/www.hotel-de-guyenne.fr\/en\/access-tourism\/","title":{"rendered":"Access &#038; tourism &#8211; Hotel de Guyenne"},"content":{"rendered":"\n<div class=\"wpcf7 no-js\" id=\"wpcf7-f487-o1\" lang=\"fr-FR\" dir=\"ltr\" data-wpcf7-id=\"487\">\n<div class=\"screen-reader-response\"><p role=\"status\" aria-live=\"polite\" aria-atomic=\"true\"><\/p> <ul><\/ul><\/div>\n<form action=\"\/en\/wp-json\/wp\/v2\/pages\/456#wpcf7-f487-o1\" method=\"post\" class=\"wpcf7-form init\" aria-label=\"Formulaire de contact\" novalidate=\"novalidate\" data-status=\"init\">\n<fieldset class=\"hidden-fields-container\"><input type=\"hidden\" name=\"_wpcf7\" value=\"487\" \/><input type=\"hidden\" name=\"_wpcf7_version\" value=\"6.1.5\" \/><input type=\"hidden\" name=\"_wpcf7_locale\" value=\"fr_FR\" \/><input type=\"hidden\" name=\"_wpcf7_unit_tag\" value=\"wpcf7-f487-o1\" \/><input type=\"hidden\" name=\"_wpcf7_container_post\" value=\"0\" \/><input type=\"hidden\" name=\"_wpcf7_posted_data_hash\" value=\"\" \/>\n<\/fieldset>\n<p><span class=\"wpcf7-form-control-wrap\" data-name=\"nom\"><input size=\"40\" maxlength=\"400\" class=\"wpcf7-form-control wpcf7-text wpcf7-validates-as-required\" aria-required=\"true\" aria-invalid=\"false\" placeholder=\"Last name*\" value=\"\" type=\"text\" name=\"nom\" \/><\/span><br \/>\n<span class=\"wpcf7-form-control-wrap\" data-name=\"prenom\"><input size=\"40\" maxlength=\"400\" class=\"wpcf7-form-control wpcf7-text\" aria-invalid=\"false\" placeholder=\"First name\" value=\"\" type=\"text\" name=\"prenom\" \/><\/span><br \/>\n<span class=\"wpcf7-form-control-wrap\" data-name=\"email\"><input size=\"40\" maxlength=\"400\" class=\"wpcf7-form-control wpcf7-email wpcf7-validates-as-required wpcf7-text wpcf7-validates-as-email\" aria-required=\"true\" aria-invalid=\"false\" placeholder=\"Your E-mail\" value=\"\" type=\"email\" name=\"email\" \/><\/span><br \/>\n<span class=\"wpcf7-form-control-wrap\" data-name=\"tel\"><input size=\"40\" maxlength=\"400\" class=\"wpcf7-form-control wpcf7-tel wpcf7-validates-as-required wpcf7-text wpcf7-validates-as-tel\" aria-required=\"true\" aria-invalid=\"false\" placeholder=\"Your phone\" value=\"\" type=\"tel\" name=\"tel\" \/><\/span><br \/>\n<span class=\"wpcf7-form-control-wrap\" data-name=\"message\"><textarea cols=\"40\" rows=\"4\" maxlength=\"2000\" class=\"wpcf7-form-control wpcf7-textarea wpcf7-validates-as-required\" aria-required=\"true\" aria-invalid=\"false\" name=\"message\">Your request*<\/textarea><\/span><br \/>\n<input class=\"wpcf7-form-control wpcf7-submit has-spinner\" type=\"submit\" value=\"Send your request\" \/>\n<\/p><div class=\"wpcf7-response-output\" aria-hidden=\"true\"><\/div>\n<\/form>\n<\/div>\n\n<h5>Access<\/h5>\n<p>H\u00f4tel de Guyenne<br \/>\n15 rue Fran\u00e7ois Rabelais<br \/>\n33400 TALENCE<br \/>\nPhone : 05.56.84.48.60<br \/>\nFax : 05.56.84.48.61<br \/>\ne-mail adress : hotel.de.guyenne@hotmail.fr<br \/>\nFacebook: \u00a0<a href=\"https:\/\/www.facebook.com\/HotelRestaurantdeGuyenne\/\">H\u00f4tel de Guyenne<\/a><\/p>\n<p>The hotel de Guyenne can easily be reached by car (urban highway, highway to Toulouse, highway to Arcachon and Bayonne). It is conveniently located fifteen minutes from the airport or from the railway station.<\/p>\n<p>By car : exit urban highway N\u00b016 then follow roadsign to Talence (Cours de la lib\u00e9ration), turn right at the 7th crosslight (Rue Fran\u00e7ois Rabelais)<\/p>\n<p>By public transportation :<\/p>\n<ul>\n<li>from downtown Bordeaux : tramway line B (Arts et M\u00e9tiers station) then bus line 8 (lyc\u00e9e h\u00f4telier station) or tramway line B (Peixotto station) then bus line 10 (CREPS station)<\/li>\n<li>from the railway station : bus line 10 (CREPS station)<\/li>\n<\/ul>\n<p>&nbsp;<\/p>\n<h5>Tourism in Bordeaux :<\/h5>\n<p>The historical center of Bordeaux is only a few minutes away. Listed as UNESCO World Heritage Site, the city is rich in classified as historic monuments : Place de la Bourse and it&#8217;s water mirror, Grand Th\u00e9atre and Palais Rohan. Have a great time along the two kilometre quayside on the banks of the Garonne and enjoy \u00a0the view on the river and on the old city.<\/p>\n<p>&nbsp;<\/p>\n<div id='gallery-1' class='gallery galleryid-456 gallery-columns-2 gallery-size-full'><dl class='gallery-item'>\n\t\t\t<dt class='gallery-icon landscape'>\n\t\t\t\t<a href='https:\/\/www.hotel-de-guyenne.fr\/wp-content\/uploads\/2016\/11\/Bordeux-miroir-deau.jpg' title=\"\" data-rl_title=\"\" class=\"rl-gallery-link\" data-rl_caption=\"\" data-rel=\"lightbox-gallery-1\"><img loading=\"lazy\" decoding=\"async\" width=\"275\" height=\"183\" src=\"https:\/\/www.hotel-de-guyenne.fr\/wp-content\/uploads\/2016\/11\/Bordeux-miroir-deau.jpg\" class=\"attachment-full size-full\" alt=\"Bordeaux place de la Bourse et miroir d&#039;eau\" \/><\/a>\n\t\t\t<\/dt><\/dl><dl class='gallery-item'>\n\t\t\t<dt class='gallery-icon landscape'>\n\t\t\t\t<a href='https:\/\/www.hotel-de-guyenne.fr\/wp-content\/uploads\/2016\/11\/Bordeaux-grand-th\u00e9atre.jpg' title=\"\" data-rl_title=\"\" class=\"rl-gallery-link\" data-rl_caption=\"\" data-rel=\"lightbox-gallery-1\"><img loading=\"lazy\" decoding=\"async\" width=\"283\" height=\"178\" src=\"https:\/\/www.hotel-de-guyenne.fr\/wp-content\/uploads\/2016\/11\/Bordeaux-grand-th\u00e9atre.jpg\" class=\"attachment-full size-full\" alt=\"Bordeaux place de la Com\u00e9die\" aria-describedby=\"gallery-1-224\" \/><\/a>\n\t\t\t<\/dt>\n\t\t\t\t<dd class='wp-caption-text gallery-caption' id='gallery-1-224'>\n\t\t\t\tGrand th\u00e9\u00e2tre\n\t\t\t\t<\/dd><\/dl><br style=\"clear: both\" \/>\n\t\t<\/div>\n\n","protected":false},"excerpt":{"rendered":"<p>Access H\u00f4tel de Guyenne 15 rue Fran\u00e7ois Rabelais 33400 TALENCE Phone : 05.56.84.48.60 Fax : 05.56.84.48.61 e-mail adress : hotel.de.guyenne@hotmail.fr Facebook: \u00a0H\u00f4tel de Guyenne The hotel de Guyenne can easily be reached by car (urban highway, highway to Toulouse, highway to Arcachon and Bayonne). It is conveniently located fifteen minutes from the airport or from [&hellip;]<\/p>\n","protected":false},"author":2,"featured_media":0,"parent":0,"menu_order":0,"comment_status":"closed","ping_status":"closed","template":"acces.php","meta":{"_acf_changed":false,"_monsterinsights_skip_tracking":false,"_monsterinsights_sitenote_active":false,"_monsterinsights_sitenote_note":"","_monsterinsights_sitenote_category":0,"footnotes":""},"class_list":["post-456","page","type-page","status-publish","hentry"],"acf":[],"yoast_head":"<!-- This site is optimized with the Yoast SEO plugin v27.5 - https:\/\/yoast.com\/product\/yoast-seo-wordpress\/ -->\n<title>Access &amp; tourism - Hotel de Guyenne - Hotel de Guyenne \u00e0 Talence<\/title>\n<meta name=\"description\" content=\"Contact details of the Hotel de Guyenne in Bordeaux. Access from the center of Bordeaux, the ring road, the campus of Talence Pessac Gradignan.\" \/>\n<meta name=\"robots\" content=\"index, follow, max-snippet:-1, max-image-preview:large, max-video-preview:-1\" \/>\n<link rel=\"canonical\" href=\"https:\/\/www.hotel-de-guyenne.fr\/en\/access-tourism\/\" \/>\n<meta property=\"og:locale\" content=\"en_US\" \/>\n<meta property=\"og:type\" content=\"article\" \/>\n<meta property=\"og:title\" content=\"Access &amp; tourism - Hotel de Guyenne - Hotel de Guyenne \u00e0 Talence\" \/>\n<meta property=\"og:description\" content=\"Contact details of the Hotel de Guyenne in Bordeaux. Access from the center of Bordeaux, the ring road, the campus of Talence Pessac Gradignan.\" \/>\n<meta property=\"og:url\" content=\"https:\/\/www.hotel-de-guyenne.fr\/en\/access-tourism\/\" \/>\n<meta property=\"og:site_name\" content=\"Hotel de Guyenne \u00e0 Talence\" \/>\n<meta property=\"article:modified_time\" content=\"2017-02-17T14:48:53+00:00\" \/>\n<meta property=\"og:image\" content=\"https:\/\/www.hotel-de-guyenne.fr\/wp-content\/uploads\/2016\/11\/Bordeux-miroir-deau.jpg\" \/>\n<meta name=\"twitter:card\" content=\"summary_large_image\" \/>\n<meta name=\"twitter:label1\" content=\"Est. reading time\" \/>\n\t<meta name=\"twitter:data1\" content=\"1 minute\" \/>\n<script type=\"application\/ld+json\" class=\"yoast-schema-graph\">{\"@context\":\"https:\\\/\\\/schema.org\",\"@graph\":[{\"@type\":\"WebPage\",\"@id\":\"https:\\\/\\\/www.hotel-de-guyenne.fr\\\/en\\\/access-tourism\\\/\",\"url\":\"https:\\\/\\\/www.hotel-de-guyenne.fr\\\/en\\\/access-tourism\\\/\",\"name\":\"Access & tourism - Hotel de Guyenne - Hotel de Guyenne \u00e0 Talence\",\"isPartOf\":{\"@id\":\"https:\\\/\\\/www.hotel-de-guyenne.fr\\\/en\\\/#website\"},\"datePublished\":\"2016-11-23T19:28:48+00:00\",\"dateModified\":\"2017-02-17T14:48:53+00:00\",\"description\":\"Contact details of the Hotel de Guyenne in Bordeaux. Access from the center of Bordeaux, the ring road, the campus of Talence Pessac Gradignan.\",\"breadcrumb\":{\"@id\":\"https:\\\/\\\/www.hotel-de-guyenne.fr\\\/en\\\/access-tourism\\\/#breadcrumb\"},\"inLanguage\":\"en-US\",\"potentialAction\":[{\"@type\":\"ReadAction\",\"target\":[\"https:\\\/\\\/www.hotel-de-guyenne.fr\\\/en\\\/access-tourism\\\/\"]}]},{\"@type\":\"BreadcrumbList\",\"@id\":\"https:\\\/\\\/www.hotel-de-guyenne.fr\\\/en\\\/access-tourism\\\/#breadcrumb\",\"itemListElement\":[{\"@type\":\"ListItem\",\"position\":1,\"name\":\"Accueil\",\"item\":\"https:\\\/\\\/www.hotel-de-guyenne.fr\\\/en\\\/\"},{\"@type\":\"ListItem\",\"position\":2,\"name\":\"Access &#038; tourism &#8211; Hotel de Guyenne\"}]},{\"@type\":\"WebSite\",\"@id\":\"https:\\\/\\\/www.hotel-de-guyenne.fr\\\/en\\\/#website\",\"url\":\"https:\\\/\\\/www.hotel-de-guyenne.fr\\\/en\\\/\",\"name\":\"Hotel de Guyenne \u00e0 Talence\",\"description\":\"H\u00f4tel restaurant deux \u00e9toiles \u00e0 Talence\",\"publisher\":{\"@id\":\"https:\\\/\\\/www.hotel-de-guyenne.fr\\\/en\\\/#organization\"},\"potentialAction\":[{\"@type\":\"SearchAction\",\"target\":{\"@type\":\"EntryPoint\",\"urlTemplate\":\"https:\\\/\\\/www.hotel-de-guyenne.fr\\\/en\\\/?s={search_term_string}\"},\"query-input\":{\"@type\":\"PropertyValueSpecification\",\"valueRequired\":true,\"valueName\":\"search_term_string\"}}],\"inLanguage\":\"en-US\"},{\"@type\":\"Organization\",\"@id\":\"https:\\\/\\\/www.hotel-de-guyenne.fr\\\/en\\\/#organization\",\"name\":\"Lyc\u00e9e H\u00f4telier de Bordeaux Talence\",\"url\":\"https:\\\/\\\/www.hotel-de-guyenne.fr\\\/en\\\/\",\"logo\":{\"@type\":\"ImageObject\",\"inLanguage\":\"en-US\",\"@id\":\"https:\\\/\\\/www.hotel-de-guyenne.fr\\\/en\\\/#\\\/schema\\\/logo\\\/image\\\/\",\"url\":\"https:\\\/\\\/www.hotel-de-guyenne.fr\\\/wp-content\\\/uploads\\\/2016\\\/11\\\/logo-lycee-d-hotellerie-et-tourisme-de-gascogne-talence.jpg\",\"contentUrl\":\"https:\\\/\\\/www.hotel-de-guyenne.fr\\\/wp-content\\\/uploads\\\/2016\\\/11\\\/logo-lycee-d-hotellerie-et-tourisme-de-gascogne-talence.jpg\",\"width\":150,\"height\":84,\"caption\":\"Lyc\u00e9e H\u00f4telier de Bordeaux Talence\"},\"image\":{\"@id\":\"https:\\\/\\\/www.hotel-de-guyenne.fr\\\/en\\\/#\\\/schema\\\/logo\\\/image\\\/\"}}]}<\/script>\n<!-- \/ Yoast SEO plugin. -->","yoast_head_json":{"title":"Access & tourism - Hotel de Guyenne - Hotel de Guyenne \u00e0 Talence","description":"Contact details of the Hotel de Guyenne in Bordeaux. Access from the center of Bordeaux, the ring road, the campus of Talence Pessac Gradignan.","robots":{"index":"index","follow":"follow","max-snippet":"max-snippet:-1","max-image-preview":"max-image-preview:large","max-video-preview":"max-video-preview:-1"},"canonical":"https:\/\/www.hotel-de-guyenne.fr\/en\/access-tourism\/","og_locale":"en_US","og_type":"article","og_title":"Access & tourism - Hotel de Guyenne - Hotel de Guyenne \u00e0 Talence","og_description":"Contact details of the Hotel de Guyenne in Bordeaux. Access from the center of Bordeaux, the ring road, the campus of Talence Pessac Gradignan.","og_url":"https:\/\/www.hotel-de-guyenne.fr\/en\/access-tourism\/","og_site_name":"Hotel de Guyenne \u00e0 Talence","article_modified_time":"2017-02-17T14:48:53+00:00","og_image":[{"url":"https:\/\/www.hotel-de-guyenne.fr\/wp-content\/uploads\/2016\/11\/Bordeux-miroir-deau.jpg","type":"","width":"","height":""}],"twitter_card":"summary_large_image","twitter_misc":{"Est. reading time":"1 minute"},"schema":{"@context":"https:\/\/schema.org","@graph":[{"@type":"WebPage","@id":"https:\/\/www.hotel-de-guyenne.fr\/en\/access-tourism\/","url":"https:\/\/www.hotel-de-guyenne.fr\/en\/access-tourism\/","name":"Access & tourism - Hotel de Guyenne - Hotel de Guyenne \u00e0 Talence","isPartOf":{"@id":"https:\/\/www.hotel-de-guyenne.fr\/en\/#website"},"datePublished":"2016-11-23T19:28:48+00:00","dateModified":"2017-02-17T14:48:53+00:00","description":"Contact details of the Hotel de Guyenne in Bordeaux. Access from the center of Bordeaux, the ring road, the campus of Talence Pessac Gradignan.","breadcrumb":{"@id":"https:\/\/www.hotel-de-guyenne.fr\/en\/access-tourism\/#breadcrumb"},"inLanguage":"en-US","potentialAction":[{"@type":"ReadAction","target":["https:\/\/www.hotel-de-guyenne.fr\/en\/access-tourism\/"]}]},{"@type":"BreadcrumbList","@id":"https:\/\/www.hotel-de-guyenne.fr\/en\/access-tourism\/#breadcrumb","itemListElement":[{"@type":"ListItem","position":1,"name":"Accueil","item":"https:\/\/www.hotel-de-guyenne.fr\/en\/"},{"@type":"ListItem","position":2,"name":"Access &#038; tourism &#8211; Hotel de Guyenne"}]},{"@type":"WebSite","@id":"https:\/\/www.hotel-de-guyenne.fr\/en\/#website","url":"https:\/\/www.hotel-de-guyenne.fr\/en\/","name":"Hotel de Guyenne \u00e0 Talence","description":"H\u00f4tel restaurant deux \u00e9toiles \u00e0 Talence","publisher":{"@id":"https:\/\/www.hotel-de-guyenne.fr\/en\/#organization"},"potentialAction":[{"@type":"SearchAction","target":{"@type":"EntryPoint","urlTemplate":"https:\/\/www.hotel-de-guyenne.fr\/en\/?s={search_term_string}"},"query-input":{"@type":"PropertyValueSpecification","valueRequired":true,"valueName":"search_term_string"}}],"inLanguage":"en-US"},{"@type":"Organization","@id":"https:\/\/www.hotel-de-guyenne.fr\/en\/#organization","name":"Lyc\u00e9e H\u00f4telier de Bordeaux Talence","url":"https:\/\/www.hotel-de-guyenne.fr\/en\/","logo":{"@type":"ImageObject","inLanguage":"en-US","@id":"https:\/\/www.hotel-de-guyenne.fr\/en\/#\/schema\/logo\/image\/","url":"https:\/\/www.hotel-de-guyenne.fr\/wp-content\/uploads\/2016\/11\/logo-lycee-d-hotellerie-et-tourisme-de-gascogne-talence.jpg","contentUrl":"https:\/\/www.hotel-de-guyenne.fr\/wp-content\/uploads\/2016\/11\/logo-lycee-d-hotellerie-et-tourisme-de-gascogne-talence.jpg","width":150,"height":84,"caption":"Lyc\u00e9e H\u00f4telier de Bordeaux Talence"},"image":{"@id":"https:\/\/www.hotel-de-guyenne.fr\/en\/#\/schema\/logo\/image\/"}}]}},"_links":{"self":[{"href":"https:\/\/www.hotel-de-guyenne.fr\/en\/wp-json\/wp\/v2\/pages\/456","targetHints":{"allow":["GET"]}}],"collection":[{"href":"https:\/\/www.hotel-de-guyenne.fr\/en\/wp-json\/wp\/v2\/pages"}],"about":[{"href":"https:\/\/www.hotel-de-guyenne.fr\/en\/wp-json\/wp\/v2\/types\/page"}],"author":[{"embeddable":true,"href":"https:\/\/www.hotel-de-guyenne.fr\/en\/wp-json\/wp\/v2\/users\/2"}],"replies":[{"embeddable":true,"href":"https:\/\/www.hotel-de-guyenne.fr\/en\/wp-json\/wp\/v2\/comments?post=456"}],"version-history":[{"count":14,"href":"https:\/\/www.hotel-de-guyenne.fr\/en\/wp-json\/wp\/v2\/pages\/456\/revisions"}],"predecessor-version":[{"id":764,"href":"https:\/\/www.hotel-de-guyenne.fr\/en\/wp-json\/wp\/v2\/pages\/456\/revisions\/764"}],"wp:attachment":[{"href":"https:\/\/www.hotel-de-guyenne.fr\/en\/wp-json\/wp\/v2\/media?parent=456"}],"curies":[{"name":"wp","href":"https:\/\/api.w.org\/{rel}","templated":true}]}}